{"id":776,"date":"2022-12-07T17:28:24","date_gmt":"2022-12-07T16:28:24","guid":{"rendered":"https:\/\/dimensioncachee.com\/?post_type=product&#038;p=776"},"modified":"2024-04-24T20:08:32","modified_gmt":"2024-04-24T18:08:32","slug":"robe-destructuree","status":"publish","type":"product","link":"https:\/\/dimensioncachee.com\/fr\/produit\/robe-destructuree\/","title":{"rendered":"ROBE DESTRUCTUREE"},"content":{"rendered":"","protected":false},"excerpt":{"rendered":"<p class=\"m_5872165018249269427p1\" align=\"left\">Robe d\u00e9structur\u00e9e en stretch en velours de soie d\u00e9vor\u00e9e ultra sofistiqu\u00e9e et ultra confort<u><\/u><u><\/u><\/p>\n","protected":false},"featured_media":781,"template":"","meta":{"_acf_changed":false},"product_cat":[18,30],"product_tag":[],"class_list":{"0":"post-776","1":"product","2":"type-product","3":"status-publish","4":"has-post-thumbnail","6":"product_cat-vetements-pour-femme","7":"product_cat-robes-jupes","9":"first","10":"instock","11":"taxable","12":"shipping-taxable","13":"purchasable","14":"product-type-variable"},"acf":[],"yoast_head":"<!-- This site is optimized with the Yoast SEO plugin v22.7 - https:\/\/yoast.com\/wordpress\/plugins\/seo\/ -->\n<title>ROBE DESTRUCTUREE - Dimension<\/title>\n<meta name=\"robots\" content=\"index, follow, max-snippet:-1, max-image-preview:large, max-video-preview:-1\" \/>\n<link rel=\"canonical\" href=\"https:\/\/dimensioncachee.com\/fr\/produit\/robe-destructuree\/\" \/>\n<meta property=\"og:locale\" content=\"fr_FR\" \/>\n<meta property=\"og:type\" content=\"article\" \/>\n<meta property=\"og:title\" content=\"ROBE DESTRUCTUREE - Dimension\" \/>\n<meta property=\"og:description\" content=\"Robe d\u00e9structur\u00e9e en stretch en velours de soie d\u00e9vor\u00e9e ultra sofistiqu\u00e9e et ultra confort\" \/>\n<meta property=\"og:url\" content=\"https:\/\/dimensioncachee.com\/fr\/produit\/robe-destructuree\/\" \/>\n<meta property=\"og:site_name\" content=\"Dimension\" \/>\n<meta property=\"article:modified_time\" content=\"2024-04-24T18:08:32+00:00\" \/>\n<meta property=\"og:image\" content=\"https:\/\/dimensioncachee.com\/wp-content\/uploads\/2022\/12\/R_DSC9917-copie.jpg\" \/>\n\t<meta property=\"og:image:width\" content=\"1334\" \/>\n\t<meta property=\"og:image:height\" content=\"2000\" \/>\n\t<meta property=\"og:image:type\" content=\"image\/jpeg\" \/>\n<meta name=\"twitter:card\" content=\"summary_large_image\" \/>\n<meta name=\"twitter:label1\" content=\"Dur\u00e9e de lecture estim\u00e9e\" \/>\n\t<meta name=\"twitter:data1\" content=\"1 minute\" \/>\n<script type=\"application\/ld+json\" class=\"yoast-schema-graph\">{\"@context\":\"https:\/\/schema.org\",\"@graph\":[{\"@type\":\"WebPage\",\"@id\":\"https:\/\/dimensioncachee.com\/produit\/robe-destructuree\/\",\"url\":\"https:\/\/dimensioncachee.com\/produit\/robe-destructuree\/\",\"name\":\"ROBE DESTRUCTUREE - Dimension\",\"isPartOf\":{\"@id\":\"https:\/\/dimensioncachee.com\/#website\"},\"primaryImageOfPage\":{\"@id\":\"https:\/\/dimensioncachee.com\/produit\/robe-destructuree\/#primaryimage\"},\"image\":{\"@id\":\"https:\/\/dimensioncachee.com\/produit\/robe-destructuree\/#primaryimage\"},\"thumbnailUrl\":\"https:\/\/dimensioncachee.com\/wp-content\/uploads\/2022\/12\/R_DSC9917-copie.jpg\",\"datePublished\":\"2022-12-07T16:28:24+00:00\",\"dateModified\":\"2024-04-24T18:08:32+00:00\",\"breadcrumb\":{\"@id\":\"https:\/\/dimensioncachee.com\/produit\/robe-destructuree\/#breadcrumb\"},\"inLanguage\":\"fr-FR\",\"potentialAction\":[{\"@type\":\"ReadAction\",\"target\":[\"https:\/\/dimensioncachee.com\/produit\/robe-destructuree\/\"]}]},{\"@type\":\"ImageObject\",\"inLanguage\":\"fr-FR\",\"@id\":\"https:\/\/dimensioncachee.com\/produit\/robe-destructuree\/#primaryimage\",\"url\":\"https:\/\/dimensioncachee.com\/wp-content\/uploads\/2022\/12\/R_DSC9917-copie.jpg\",\"contentUrl\":\"https:\/\/dimensioncachee.com\/wp-content\/uploads\/2022\/12\/R_DSC9917-copie.jpg\",\"width\":1334,\"height\":2000},{\"@type\":\"BreadcrumbList\",\"@id\":\"https:\/\/dimensioncachee.com\/produit\/robe-destructuree\/#breadcrumb\",\"itemListElement\":[{\"@type\":\"ListItem\",\"position\":1,\"name\":\"Accueil\",\"item\":\"https:\/\/dimensioncachee.com\/\"},{\"@type\":\"ListItem\",\"position\":2,\"name\":\"Les produits\",\"item\":\"https:\/\/dimensioncachee.com\/les-produits\/\"},{\"@type\":\"ListItem\",\"position\":3,\"name\":\"ROBE DESTRUCTUREE\"}]},{\"@type\":\"WebSite\",\"@id\":\"https:\/\/dimensioncachee.com\/#website\",\"url\":\"https:\/\/dimensioncachee.com\/\",\"name\":\"Dimension\",\"description\":\"Un site utilisant WordPress\",\"potentialAction\":[{\"@type\":\"SearchAction\",\"target\":{\"@type\":\"EntryPoint\",\"urlTemplate\":\"https:\/\/dimensioncachee.com\/?s={search_term_string}\"},\"query-input\":\"required name=search_term_string\"}],\"inLanguage\":\"fr-FR\"}]}<\/script>\n<!-- \/ Yoast SEO plugin. -->","yoast_head_json":{"title":"ROBE DESTRUCTUREE - Dimension","robots":{"index":"index","follow":"follow","max-snippet":"max-snippet:-1","max-image-preview":"max-image-preview:large","max-video-preview":"max-video-preview:-1"},"canonical":"https:\/\/dimensioncachee.com\/fr\/produit\/robe-destructuree\/","og_locale":"fr_FR","og_type":"article","og_title":"ROBE DESTRUCTUREE - Dimension","og_description":"Robe d\u00e9structur\u00e9e en stretch en velours de soie d\u00e9vor\u00e9e ultra sofistiqu\u00e9e et ultra confort","og_url":"https:\/\/dimensioncachee.com\/fr\/produit\/robe-destructuree\/","og_site_name":"Dimension","article_modified_time":"2024-04-24T18:08:32+00:00","og_image":[{"width":1334,"height":2000,"url":"https:\/\/dimensioncachee.com\/wp-content\/uploads\/2022\/12\/R_DSC9917-copie.jpg","type":"image\/jpeg"}],"twitter_card":"summary_large_image","twitter_misc":{"Dur\u00e9e de lecture estim\u00e9e":"1 minute"},"schema":{"@context":"https:\/\/schema.org","@graph":[{"@type":"WebPage","@id":"https:\/\/dimensioncachee.com\/produit\/robe-destructuree\/","url":"https:\/\/dimensioncachee.com\/produit\/robe-destructuree\/","name":"ROBE DESTRUCTUREE - Dimension","isPartOf":{"@id":"https:\/\/dimensioncachee.com\/#website"},"primaryImageOfPage":{"@id":"https:\/\/dimensioncachee.com\/produit\/robe-destructuree\/#primaryimage"},"image":{"@id":"https:\/\/dimensioncachee.com\/produit\/robe-destructuree\/#primaryimage"},"thumbnailUrl":"https:\/\/dimensioncachee.com\/wp-content\/uploads\/2022\/12\/R_DSC9917-copie.jpg","datePublished":"2022-12-07T16:28:24+00:00","dateModified":"2024-04-24T18:08:32+00:00","breadcrumb":{"@id":"https:\/\/dimensioncachee.com\/produit\/robe-destructuree\/#breadcrumb"},"inLanguage":"fr-FR","potentialAction":[{"@type":"ReadAction","target":["https:\/\/dimensioncachee.com\/produit\/robe-destructuree\/"]}]},{"@type":"ImageObject","inLanguage":"fr-FR","@id":"https:\/\/dimensioncachee.com\/produit\/robe-destructuree\/#primaryimage","url":"https:\/\/dimensioncachee.com\/wp-content\/uploads\/2022\/12\/R_DSC9917-copie.jpg","contentUrl":"https:\/\/dimensioncachee.com\/wp-content\/uploads\/2022\/12\/R_DSC9917-copie.jpg","width":1334,"height":2000},{"@type":"BreadcrumbList","@id":"https:\/\/dimensioncachee.com\/produit\/robe-destructuree\/#breadcrumb","itemListElement":[{"@type":"ListItem","position":1,"name":"Accueil","item":"https:\/\/dimensioncachee.com\/"},{"@type":"ListItem","position":2,"name":"Les produits","item":"https:\/\/dimensioncachee.com\/les-produits\/"},{"@type":"ListItem","position":3,"name":"ROBE DESTRUCTUREE"}]},{"@type":"WebSite","@id":"https:\/\/dimensioncachee.com\/#website","url":"https:\/\/dimensioncachee.com\/","name":"Dimension","description":"Un site utilisant WordPress","potentialAction":[{"@type":"SearchAction","target":{"@type":"EntryPoint","urlTemplate":"https:\/\/dimensioncachee.com\/?s={search_term_string}"},"query-input":"required name=search_term_string"}],"inLanguage":"fr-FR"}]}},"jetpack_sharing_enabled":true,"_links":{"self":[{"href":"https:\/\/dimensioncachee.com\/fr\/wp-json\/wp\/v2\/product\/776","targetHints":{"allow":["GET"]}}],"collection":[{"href":"https:\/\/dimensioncachee.com\/fr\/wp-json\/wp\/v2\/product"}],"about":[{"href":"https:\/\/dimensioncachee.com\/fr\/wp-json\/wp\/v2\/types\/product"}],"wp:featuredmedia":[{"embeddable":true,"href":"https:\/\/dimensioncachee.com\/fr\/wp-json\/wp\/v2\/media\/781"}],"wp:attachment":[{"href":"https:\/\/dimensioncachee.com\/fr\/wp-json\/wp\/v2\/media?parent=776"}],"wp:term":[{"taxonomy":"product_cat","embeddable":true,"href":"https:\/\/dimensioncachee.com\/fr\/wp-json\/wp\/v2\/product_cat?post=776"},{"taxonomy":"product_tag","embeddable":true,"href":"https:\/\/dimensioncachee.com\/fr\/wp-json\/wp\/v2\/product_tag?post=776"}],"curies":[{"name":"wp","href":"https:\/\/api.w.org\/{rel}","templated":true}]}}