{"id":257,"date":"2022-09-21T17:06:34","date_gmt":"2022-09-21T15:06:34","guid":{"rendered":"https:\/\/dimensioncachee.com\/?post_type=product&#038;p=257"},"modified":"2024-04-24T20:53:41","modified_gmt":"2024-04-24T18:53:41","slug":"t-shirt-femme-artwork-poetique-a-manches-courtes","status":"publish","type":"product","link":"https:\/\/dimensioncachee.com\/fr\/produit\/t-shirt-femme-artwork-poetique-a-manches-courtes\/","title":{"rendered":"t-shirt femme artwork po\u00e9tique \u00e0 manches courtes"},"content":{"rendered":"","protected":false},"excerpt":{"rendered":"<p><span data-sheets-value=\"{&quot;1&quot;:2,&quot;2&quot;:&quot;T-shirt DIMENSION CACH\u00c9E ARTWORK \u00ab Cold Pleasure \u00bb\\r\\nFit Oversize jersey \u00e9pais pour une allure structur\u00e9e\\r\\nExiste en 3 coloris &quot;}\" data-sheets-userformat=\"{&quot;2&quot;:961,&quot;3&quot;:{&quot;1&quot;:0},&quot;9&quot;:0,&quot;10&quot;:0,&quot;11&quot;:4,&quot;12&quot;:0}\">T-shirt DIMENSION CACH\u00c9E ARTWORK \u00ab Cold Pleasure \u00bb<br \/>\nFit Oversize jersey \u00e9pais pour une allure structur\u00e9e<br \/>\nExiste en 3 coloris <\/span><\/p>\n","protected":false},"featured_media":884,"template":"","meta":{"_acf_changed":false},"product_cat":[18,28],"product_tag":[],"class_list":{"0":"post-257","1":"product","2":"type-product","3":"status-publish","4":"has-post-thumbnail","6":"product_cat-vetements-pour-femme","7":"product_cat-t-shirts-femme","9":"first","10":"instock","11":"taxable","12":"shipping-taxable","13":"purchasable","14":"product-type-variable"},"acf":[],"yoast_head":"<!-- This site is optimized with the Yoast SEO plugin v22.7 - https:\/\/yoast.com\/wordpress\/plugins\/seo\/ -->\n<title>t-shirt femme artwork po\u00e9tique \u00e0 manches courtes - Dimension<\/title>\n<meta name=\"robots\" content=\"index, follow, max-snippet:-1, max-image-preview:large, max-video-preview:-1\" \/>\n<link rel=\"canonical\" href=\"https:\/\/dimensioncachee.com\/fr\/produit\/t-shirt-femme-artwork-poetique-a-manches-courtes\/\" \/>\n<meta property=\"og:locale\" content=\"fr_FR\" \/>\n<meta property=\"og:type\" content=\"article\" \/>\n<meta property=\"og:title\" content=\"t-shirt femme artwork po\u00e9tique \u00e0 manches courtes - Dimension\" \/>\n<meta property=\"og:description\" content=\"T-shirt DIMENSION CACH\u00c9E ARTWORK \u00ab Cold Pleasure \u00bb Fit Oversize jersey \u00e9pais pour une allure structur\u00e9e Existe en 3 coloris\" \/>\n<meta property=\"og:url\" content=\"https:\/\/dimensioncachee.com\/fr\/produit\/t-shirt-femme-artwork-poetique-a-manches-courtes\/\" \/>\n<meta property=\"og:site_name\" content=\"Dimension\" \/>\n<meta property=\"article:modified_time\" content=\"2024-04-24T18:53:41+00:00\" \/>\n<meta property=\"og:image\" content=\"https:\/\/dimensioncachee.com\/wp-content\/uploads\/2022\/09\/R_DSC9281-copie-Edit.jpg\" \/>\n\t<meta property=\"og:image:width\" content=\"1334\" \/>\n\t<meta property=\"og:image:height\" content=\"2000\" \/>\n\t<meta property=\"og:image:type\" content=\"image\/jpeg\" \/>\n<meta name=\"twitter:card\" content=\"summary_large_image\" \/>\n<meta name=\"twitter:label1\" content=\"Dur\u00e9e de lecture estim\u00e9e\" \/>\n\t<meta name=\"twitter:data1\" content=\"1 minute\" \/>\n<script type=\"application\/ld+json\" class=\"yoast-schema-graph\">{\"@context\":\"https:\/\/schema.org\",\"@graph\":[{\"@type\":\"WebPage\",\"@id\":\"https:\/\/dimensioncachee.com\/produit\/t-shirt-femme-artwork-poetique-a-manches-courtes\/\",\"url\":\"https:\/\/dimensioncachee.com\/produit\/t-shirt-femme-artwork-poetique-a-manches-courtes\/\",\"name\":\"t-shirt femme artwork po\u00e9tique \u00e0 manches courtes - Dimension\",\"isPartOf\":{\"@id\":\"https:\/\/dimensioncachee.com\/#website\"},\"primaryImageOfPage\":{\"@id\":\"https:\/\/dimensioncachee.com\/produit\/t-shirt-femme-artwork-poetique-a-manches-courtes\/#primaryimage\"},\"image\":{\"@id\":\"https:\/\/dimensioncachee.com\/produit\/t-shirt-femme-artwork-poetique-a-manches-courtes\/#primaryimage\"},\"thumbnailUrl\":\"https:\/\/dimensioncachee.com\/wp-content\/uploads\/2022\/09\/R_DSC9281-copie-Edit.jpg\",\"datePublished\":\"2022-09-21T15:06:34+00:00\",\"dateModified\":\"2024-04-24T18:53:41+00:00\",\"breadcrumb\":{\"@id\":\"https:\/\/dimensioncachee.com\/produit\/t-shirt-femme-artwork-poetique-a-manches-courtes\/#breadcrumb\"},\"inLanguage\":\"fr-FR\",\"potentialAction\":[{\"@type\":\"ReadAction\",\"target\":[\"https:\/\/dimensioncachee.com\/produit\/t-shirt-femme-artwork-poetique-a-manches-courtes\/\"]}]},{\"@type\":\"ImageObject\",\"inLanguage\":\"fr-FR\",\"@id\":\"https:\/\/dimensioncachee.com\/produit\/t-shirt-femme-artwork-poetique-a-manches-courtes\/#primaryimage\",\"url\":\"https:\/\/dimensioncachee.com\/wp-content\/uploads\/2022\/09\/R_DSC9281-copie-Edit.jpg\",\"contentUrl\":\"https:\/\/dimensioncachee.com\/wp-content\/uploads\/2022\/09\/R_DSC9281-copie-Edit.jpg\",\"width\":1334,\"height\":2000},{\"@type\":\"BreadcrumbList\",\"@id\":\"https:\/\/dimensioncachee.com\/produit\/t-shirt-femme-artwork-poetique-a-manches-courtes\/#breadcrumb\",\"itemListElement\":[{\"@type\":\"ListItem\",\"position\":1,\"name\":\"Accueil\",\"item\":\"https:\/\/dimensioncachee.com\/\"},{\"@type\":\"ListItem\",\"position\":2,\"name\":\"Les produits\",\"item\":\"https:\/\/dimensioncachee.com\/les-produits\/\"},{\"@type\":\"ListItem\",\"position\":3,\"name\":\"t-shirt femme artwork po\u00e9tique \u00e0 manches courtes\"}]},{\"@type\":\"WebSite\",\"@id\":\"https:\/\/dimensioncachee.com\/#website\",\"url\":\"https:\/\/dimensioncachee.com\/\",\"name\":\"Dimension\",\"description\":\"Un site utilisant WordPress\",\"potentialAction\":[{\"@type\":\"SearchAction\",\"target\":{\"@type\":\"EntryPoint\",\"urlTemplate\":\"https:\/\/dimensioncachee.com\/?s={search_term_string}\"},\"query-input\":\"required name=search_term_string\"}],\"inLanguage\":\"fr-FR\"}]}<\/script>\n<!-- \/ Yoast SEO plugin. -->","yoast_head_json":{"title":"t-shirt femme artwork po\u00e9tique \u00e0 manches courtes - Dimension","robots":{"index":"index","follow":"follow","max-snippet":"max-snippet:-1","max-image-preview":"max-image-preview:large","max-video-preview":"max-video-preview:-1"},"canonical":"https:\/\/dimensioncachee.com\/fr\/produit\/t-shirt-femme-artwork-poetique-a-manches-courtes\/","og_locale":"fr_FR","og_type":"article","og_title":"t-shirt femme artwork po\u00e9tique \u00e0 manches courtes - Dimension","og_description":"T-shirt DIMENSION CACH\u00c9E ARTWORK \u00ab Cold Pleasure \u00bb Fit Oversize jersey \u00e9pais pour une allure structur\u00e9e Existe en 3 coloris","og_url":"https:\/\/dimensioncachee.com\/fr\/produit\/t-shirt-femme-artwork-poetique-a-manches-courtes\/","og_site_name":"Dimension","article_modified_time":"2024-04-24T18:53:41+00:00","og_image":[{"width":1334,"height":2000,"url":"https:\/\/dimensioncachee.com\/wp-content\/uploads\/2022\/09\/R_DSC9281-copie-Edit.jpg","type":"image\/jpeg"}],"twitter_card":"summary_large_image","twitter_misc":{"Dur\u00e9e de lecture estim\u00e9e":"1 minute"},"schema":{"@context":"https:\/\/schema.org","@graph":[{"@type":"WebPage","@id":"https:\/\/dimensioncachee.com\/produit\/t-shirt-femme-artwork-poetique-a-manches-courtes\/","url":"https:\/\/dimensioncachee.com\/produit\/t-shirt-femme-artwork-poetique-a-manches-courtes\/","name":"t-shirt femme artwork po\u00e9tique \u00e0 manches courtes - Dimension","isPartOf":{"@id":"https:\/\/dimensioncachee.com\/#website"},"primaryImageOfPage":{"@id":"https:\/\/dimensioncachee.com\/produit\/t-shirt-femme-artwork-poetique-a-manches-courtes\/#primaryimage"},"image":{"@id":"https:\/\/dimensioncachee.com\/produit\/t-shirt-femme-artwork-poetique-a-manches-courtes\/#primaryimage"},"thumbnailUrl":"https:\/\/dimensioncachee.com\/wp-content\/uploads\/2022\/09\/R_DSC9281-copie-Edit.jpg","datePublished":"2022-09-21T15:06:34+00:00","dateModified":"2024-04-24T18:53:41+00:00","breadcrumb":{"@id":"https:\/\/dimensioncachee.com\/produit\/t-shirt-femme-artwork-poetique-a-manches-courtes\/#breadcrumb"},"inLanguage":"fr-FR","potentialAction":[{"@type":"ReadAction","target":["https:\/\/dimensioncachee.com\/produit\/t-shirt-femme-artwork-poetique-a-manches-courtes\/"]}]},{"@type":"ImageObject","inLanguage":"fr-FR","@id":"https:\/\/dimensioncachee.com\/produit\/t-shirt-femme-artwork-poetique-a-manches-courtes\/#primaryimage","url":"https:\/\/dimensioncachee.com\/wp-content\/uploads\/2022\/09\/R_DSC9281-copie-Edit.jpg","contentUrl":"https:\/\/dimensioncachee.com\/wp-content\/uploads\/2022\/09\/R_DSC9281-copie-Edit.jpg","width":1334,"height":2000},{"@type":"BreadcrumbList","@id":"https:\/\/dimensioncachee.com\/produit\/t-shirt-femme-artwork-poetique-a-manches-courtes\/#breadcrumb","itemListElement":[{"@type":"ListItem","position":1,"name":"Accueil","item":"https:\/\/dimensioncachee.com\/"},{"@type":"ListItem","position":2,"name":"Les produits","item":"https:\/\/dimensioncachee.com\/les-produits\/"},{"@type":"ListItem","position":3,"name":"t-shirt femme artwork po\u00e9tique \u00e0 manches courtes"}]},{"@type":"WebSite","@id":"https:\/\/dimensioncachee.com\/#website","url":"https:\/\/dimensioncachee.com\/","name":"Dimension","description":"Un site utilisant WordPress","potentialAction":[{"@type":"SearchAction","target":{"@type":"EntryPoint","urlTemplate":"https:\/\/dimensioncachee.com\/?s={search_term_string}"},"query-input":"required name=search_term_string"}],"inLanguage":"fr-FR"}]}},"jetpack_sharing_enabled":true,"_links":{"self":[{"href":"https:\/\/dimensioncachee.com\/fr\/wp-json\/wp\/v2\/product\/257","targetHints":{"allow":["GET"]}}],"collection":[{"href":"https:\/\/dimensioncachee.com\/fr\/wp-json\/wp\/v2\/product"}],"about":[{"href":"https:\/\/dimensioncachee.com\/fr\/wp-json\/wp\/v2\/types\/product"}],"wp:featuredmedia":[{"embeddable":true,"href":"https:\/\/dimensioncachee.com\/fr\/wp-json\/wp\/v2\/media\/884"}],"wp:attachment":[{"href":"https:\/\/dimensioncachee.com\/fr\/wp-json\/wp\/v2\/media?parent=257"}],"wp:term":[{"taxonomy":"product_cat","embeddable":true,"href":"https:\/\/dimensioncachee.com\/fr\/wp-json\/wp\/v2\/product_cat?post=257"},{"taxonomy":"product_tag","embeddable":true,"href":"https:\/\/dimensioncachee.com\/fr\/wp-json\/wp\/v2\/product_tag?post=257"}],"curies":[{"name":"wp","href":"https:\/\/api.w.org\/{rel}","templated":true}]}}