{"id":84,"date":"2022-08-18T09:44:25","date_gmt":"2022-08-18T07:44:25","guid":{"rendered":"https:\/\/dimensioncachee.com\/?page_id=84"},"modified":"2022-09-28T15:51:51","modified_gmt":"2022-09-28T13:51:51","slug":"informations-de-livraison","status":"publish","type":"page","link":"https:\/\/dimensioncachee.com\/fr\/informations-de-livraison\/","title":{"rendered":"Informations de livraison"},"content":{"rendered":"\n<p>INFORMATION DE LIVRAISON<\/p>\n\n\n\n<p>Colissimo point relais : livraison gratuite en France M\u00e9tropolitaine.<br>Colissimo livraison domicile avec signature : livraison gratuite en France M\u00e9tropolitaine.<br>ups express saver.<\/p>\n\n\n\n<p>Les d\u00e9lais de livraison sont donn\u00e9s \u00e0 titre indicatif. Merci de noter que la livraison \u00e0 une adresse rurale excentr\u00e9e peut prendre plus de temps.<\/p>\n\n\n\n<p>TAXES ET FRAIS DE DOUANES<\/p>\n\n\n\n<p>Les prix des produits sont exprim\u00e9s en Euros, toutes taxes comprises et hors droits de douane. Pour les commandes en dehors de l\u2019UE, les droits de douane sont \u00e0 la charge du client.<\/p>\n\n\n\n<p>DIMENSION CACHEE ne peut \u00eatre tenu pour responsable de toute action et \/ ou co\u00fbts et \/ ou taxes et \/ ou retards dus \u00e0 la douane sur lesquels il n\u2019a aucun contr\u00f4le.<\/p>\n\n\n\n<p>INFORMATION IMPORTANTES<\/p>\n\n\n\n<p>Les d\u00e9lais de livraison sont donn\u00e9s \u00e0 titre indicatif et ne tiennent pas compte des retards \u00e9ventuels caus\u00e9s par l\u2019autorisation de paiement et \/ ou la disponibilit\u00e9 des stocks et \/ ou les d\u00e9lais de d\u00e9douanement. Nous ne livrons pas dans des boites postales. Toutes les commandes sont enti\u00e8rement tra\u00e7ables via ups.com<\/p>\n\n\n\n<p>POLITIQUE DE PREMIERE COMMANDE<\/p>\n\n\n\n<p>Pour des raisons de s\u00e9curit\u00e9, DIMENSION CACHEE se r\u00e9serve le droit d\u2019exp\u00e9dier des commandes pour la premi\u00e8re fois \u00e0 l\u2019adresse de facturation ou \u00e0 l\u2019adresse de travail v\u00e9rifi\u00e9e du titulaire de carte. Pour \u00e9viter les retards dans la r\u00e9ception de votre commande, assurez-vous de fournir les informations correctes de facturation et d\u2019exp\u00e9dition associ\u00e9es \u00e0 votre carte de cr\u00e9dit \/ d\u00e9bit lors de la commande.<\/p>\n\n\n\n<p>ASSURANCE<\/p>\n\n\n\n<p>DIMENSION CACHEE assure chaque achat pendant le temps de transit jusqu\u2019\u00e0 ce qu\u2019il vous soit livr\u00e9. Toutes les commandes n\u00e9cessitent une signature lors de la livraison. Si vous avez sp\u00e9cifi\u00e9 un destinataire autre que vous-m\u00eame pour la livraison, vous acceptez \u00e9galement que la signature du tiers constitue une preuve suffisante de la livraison.<\/p>\n\n\n\n<p>STATUT DE LA COMMANDE<\/p>\n\n\n\n<p>le client pourra consulter le statut de sa commande en se rendant sur le site du transporteur.<\/p>\n","protected":false},"excerpt":{"rendered":"<p>INFORMATION DE LIVRAISON Colissimo point relais : livraison gratuite en France M\u00e9tropolitaine.Colissimo livraison domicile avec signature : livraison gratuite en France M\u00e9tropolitaine.ups express saver. Les d\u00e9lais de livraison sont donn\u00e9s \u00e0 titre indicatif. Merci de noter que la livraison \u00e0 une adresse rurale excentr\u00e9e peut prendre plus de temps. TAXES ET FRAIS DE DOUANES Les [&hellip;]<\/p>\n","protected":false},"author":1,"featured_media":0,"parent":0,"menu_order":0,"comment_status":"closed","ping_status":"closed","template":"template-page-etroite.php","meta":{"_acf_changed":false,"footnotes":""},"class_list":["post-84","page","type-page","status-publish","hentry"],"acf":[],"yoast_head":"<!-- This site is optimized with the Yoast SEO plugin v22.7 - https:\/\/yoast.com\/wordpress\/plugins\/seo\/ -->\n<title>Informations de livraison - Dimension<\/title>\n<meta name=\"robots\" content=\"index, follow, max-snippet:-1, max-image-preview:large, max-video-preview:-1\" \/>\n<link rel=\"canonical\" href=\"https:\/\/dimensioncachee.com\/fr\/informations-de-livraison\/\" \/>\n<meta property=\"og:locale\" content=\"fr_FR\" \/>\n<meta property=\"og:type\" content=\"article\" \/>\n<meta property=\"og:title\" content=\"Informations de livraison - Dimension\" \/>\n<meta property=\"og:description\" content=\"INFORMATION DE LIVRAISON Colissimo point relais : livraison gratuite en France M\u00e9tropolitaine.Colissimo livraison domicile avec signature : livraison gratuite en France M\u00e9tropolitaine.ups express saver. Les d\u00e9lais de livraison sont donn\u00e9s \u00e0 titre indicatif. Merci de noter que la livraison \u00e0 une adresse rurale excentr\u00e9e peut prendre plus de temps. TAXES ET FRAIS DE DOUANES Les [&hellip;]\" \/>\n<meta property=\"og:url\" content=\"https:\/\/dimensioncachee.com\/fr\/informations-de-livraison\/\" \/>\n<meta property=\"og:site_name\" content=\"Dimension\" \/>\n<meta property=\"article:modified_time\" content=\"2022-09-28T13:51:51+00:00\" \/>\n<meta name=\"twitter:card\" content=\"summary_large_image\" \/>\n<meta name=\"twitter:label1\" content=\"Dur\u00e9e de lecture estim\u00e9e\" \/>\n\t<meta name=\"twitter:data1\" content=\"2 minutes\" \/>\n<script type=\"application\/ld+json\" class=\"yoast-schema-graph\">{\"@context\":\"https:\/\/schema.org\",\"@graph\":[{\"@type\":\"WebPage\",\"@id\":\"https:\/\/dimensioncachee.com\/informations-de-livraison\/\",\"url\":\"https:\/\/dimensioncachee.com\/informations-de-livraison\/\",\"name\":\"Informations de livraison - Dimension\",\"isPartOf\":{\"@id\":\"https:\/\/dimensioncachee.com\/#website\"},\"datePublished\":\"2022-08-18T07:44:25+00:00\",\"dateModified\":\"2022-09-28T13:51:51+00:00\",\"breadcrumb\":{\"@id\":\"https:\/\/dimensioncachee.com\/informations-de-livraison\/#breadcrumb\"},\"inLanguage\":\"fr-FR\",\"potentialAction\":[{\"@type\":\"ReadAction\",\"target\":[\"https:\/\/dimensioncachee.com\/informations-de-livraison\/\"]}]},{\"@type\":\"BreadcrumbList\",\"@id\":\"https:\/\/dimensioncachee.com\/informations-de-livraison\/#breadcrumb\",\"itemListElement\":[{\"@type\":\"ListItem\",\"position\":1,\"name\":\"Accueil\",\"item\":\"https:\/\/dimensioncachee.com\/\"},{\"@type\":\"ListItem\",\"position\":2,\"name\":\"Informations de livraison\"}]},{\"@type\":\"WebSite\",\"@id\":\"https:\/\/dimensioncachee.com\/#website\",\"url\":\"https:\/\/dimensioncachee.com\/\",\"name\":\"Dimension\",\"description\":\"Un site utilisant WordPress\",\"potentialAction\":[{\"@type\":\"SearchAction\",\"target\":{\"@type\":\"EntryPoint\",\"urlTemplate\":\"https:\/\/dimensioncachee.com\/?s={search_term_string}\"},\"query-input\":\"required name=search_term_string\"}],\"inLanguage\":\"fr-FR\"}]}<\/script>\n<!-- \/ Yoast SEO plugin. -->","yoast_head_json":{"title":"Informations de livraison - Dimension","robots":{"index":"index","follow":"follow","max-snippet":"max-snippet:-1","max-image-preview":"max-image-preview:large","max-video-preview":"max-video-preview:-1"},"canonical":"https:\/\/dimensioncachee.com\/fr\/informations-de-livraison\/","og_locale":"fr_FR","og_type":"article","og_title":"Informations de livraison - Dimension","og_description":"INFORMATION DE LIVRAISON Colissimo point relais : livraison gratuite en France M\u00e9tropolitaine.Colissimo livraison domicile avec signature : livraison gratuite en France M\u00e9tropolitaine.ups express saver. Les d\u00e9lais de livraison sont donn\u00e9s \u00e0 titre indicatif. Merci de noter que la livraison \u00e0 une adresse rurale excentr\u00e9e peut prendre plus de temps. TAXES ET FRAIS DE DOUANES Les [&hellip;]","og_url":"https:\/\/dimensioncachee.com\/fr\/informations-de-livraison\/","og_site_name":"Dimension","article_modified_time":"2022-09-28T13:51:51+00:00","twitter_card":"summary_large_image","twitter_misc":{"Dur\u00e9e de lecture estim\u00e9e":"2 minutes"},"schema":{"@context":"https:\/\/schema.org","@graph":[{"@type":"WebPage","@id":"https:\/\/dimensioncachee.com\/informations-de-livraison\/","url":"https:\/\/dimensioncachee.com\/informations-de-livraison\/","name":"Informations de livraison - Dimension","isPartOf":{"@id":"https:\/\/dimensioncachee.com\/#website"},"datePublished":"2022-08-18T07:44:25+00:00","dateModified":"2022-09-28T13:51:51+00:00","breadcrumb":{"@id":"https:\/\/dimensioncachee.com\/informations-de-livraison\/#breadcrumb"},"inLanguage":"fr-FR","potentialAction":[{"@type":"ReadAction","target":["https:\/\/dimensioncachee.com\/informations-de-livraison\/"]}]},{"@type":"BreadcrumbList","@id":"https:\/\/dimensioncachee.com\/informations-de-livraison\/#breadcrumb","itemListElement":[{"@type":"ListItem","position":1,"name":"Accueil","item":"https:\/\/dimensioncachee.com\/"},{"@type":"ListItem","position":2,"name":"Informations de livraison"}]},{"@type":"WebSite","@id":"https:\/\/dimensioncachee.com\/#website","url":"https:\/\/dimensioncachee.com\/","name":"Dimension","description":"Un site utilisant WordPress","potentialAction":[{"@type":"SearchAction","target":{"@type":"EntryPoint","urlTemplate":"https:\/\/dimensioncachee.com\/?s={search_term_string}"},"query-input":"required name=search_term_string"}],"inLanguage":"fr-FR"}]}},"jetpack_sharing_enabled":true,"_links":{"self":[{"href":"https:\/\/dimensioncachee.com\/fr\/wp-json\/wp\/v2\/pages\/84","targetHints":{"allow":["GET"]}}],"collection":[{"href":"https:\/\/dimensioncachee.com\/fr\/wp-json\/wp\/v2\/pages"}],"about":[{"href":"https:\/\/dimensioncachee.com\/fr\/wp-json\/wp\/v2\/types\/page"}],"author":[{"embeddable":true,"href":"https:\/\/dimensioncachee.com\/fr\/wp-json\/wp\/v2\/users\/1"}],"replies":[{"embeddable":true,"href":"https:\/\/dimensioncachee.com\/fr\/wp-json\/wp\/v2\/comments?post=84"}],"version-history":[{"count":4,"href":"https:\/\/dimensioncachee.com\/fr\/wp-json\/wp\/v2\/pages\/84\/revisions"}],"predecessor-version":[{"id":562,"href":"https:\/\/dimensioncachee.com\/fr\/wp-json\/wp\/v2\/pages\/84\/revisions\/562"}],"wp:attachment":[{"href":"https:\/\/dimensioncachee.com\/fr\/wp-json\/wp\/v2\/media?parent=84"}],"curies":[{"name":"wp","href":"https:\/\/api.w.org\/{rel}","templated":true}]}}