{"id":82,"date":"2022-08-18T09:44:02","date_gmt":"2022-08-18T07:44:02","guid":{"rendered":"https:\/\/dimensioncachee.com\/?page_id=82"},"modified":"2022-10-13T14:03:37","modified_gmt":"2022-10-13T12:03:37","slug":"commander-2","status":"publish","type":"page","link":"https:\/\/dimensioncachee.com\/fr\/commander-2\/","title":{"rendered":"Commander"},"content":{"rendered":"\n<p>COMMANDER<\/p>\n\n\n\n<p>METHODE DE PAIEMENT<\/p>\n\n\n\n<p>D\u00e8s que votre commande est pass\u00e9e, son montant est pr\u00e9lev\u00e9 sur votre compte. Pour annuler votre commande, merci de nous contacter et nous vous rembourserons directement sur votre compte. Des retours faciles : si un article ne vous convient pas, il suffit de nous le retourner pour un \u00e9change ou un remboursement.<\/p>\n\n\n\n<p>Les paiements suivants sont accept\u00e9s :<\/p>\n\n\n\n<p>Carte de cr\u00e9dit<\/p>\n\n\n\n<p>Vous pouvez payer par Visa Mastercard et American Express. Les cartes Visa et Mastercard sont v\u00e9rifi\u00e9es par un code s\u00e9curis\u00e9. Le paiement est d\u00e9bit\u00e9 de votre carte une fois que vous passez la commande.<\/p>\n\n\n\n<p>Applications de paiement<\/p>\n\n\n\n<p>Vous pouvez payer par application de paiement : via Paypal, Alipay, Apple pay (mobile) et Android pay (mobile).<\/p>\n\n\n\n<p>Ceci implique qu\u2019aucune information bancaire concernant le Client ne transite via le site www.dimensioncachee.com<\/p>\n\n\n\n<p>Le paiement est donc s\u00e9curis\u00e9 par les partenaires en charge de g\u00e9rer les transactions financi\u00e8res.<\/p>\n\n\n\n<p>La commande sera ainsi enregistr\u00e9e et valid\u00e9e d\u00e8s l\u2019acceptation du paiement par le service bancaire.<\/p>\n\n\n\n<p>CHANGER OU ANNULER VOTRE COMMANDE<\/p>\n\n\n\n<p>Pour plus de d\u00e9tails sur votre droit de retour de 14 jours merci de vous rendre dans la section politique de retour du site. Cette section d\u00e9taille vos droits d\u2019annulation statutaires.<\/p>\n\n\n\n<p>Vous avez le droit d\u2019annuler votre achat et de recevoir un remboursement complet si vous nous notifiez par \u00e9crit comme indiqu\u00e9 ci-dessous que vous exercez ce droit d\u2019annulation au plus tard quatorze jours ouvrables (excluant les week-ends et jours f\u00e9ri\u00e9s) au lendemain de la r\u00e9ception de vos biens.<\/p>\n\n\n\n<p>Pour exercer ce droit d\u2019annulation:<\/p>\n\n\n\n<p>Contactez-nous par email \u00e0 contact@dimensioncachee.com<\/p>\n\n\n\n<p>Suivez les instructions de retour \u00e9nonc\u00e9es dans la section Retours et \u00e9changes de ce site.<\/p>\n\n\n\n<p>Merci de noter que si les articles retourn\u00e9s sont ab\u00eem\u00e9s ou s\u2019ils ne sont pas retourn\u00e9s, nous serons en droit de vous demander une compensation pour les pertes pouvant \u00eatre occasionn\u00e9es.<\/p>\n\n\n\n<p>Si vos articles sont d\u00e9fectueux ou ne correspondent pas \u00e0 la description donn\u00e9e sur le site, nous vous rembourserons le montant de votre commande pour ces articles. Pour plus d\u2019informations \u00e0 propos du retour de vos articles vers nos entrep\u00f4ts, merci de vous r\u00e9f\u00e9rer \u00e0 la rubrique Politique de retour de ce site.<\/p>\n\n\n\n<p>Nous recommandons que les marchandises retourn\u00e9es soient exp\u00e9di\u00e9es via une livraison tra\u00e7able assur\u00e9e pour votre protection.<\/p>\n\n\n\n<p>Parfois, une commande ou une partie d\u2019une commande peut \u00eatre annul\u00e9e par notre syst\u00e8me pour diff\u00e9rentes raisons. Notamment pour les raisons suivantes :<\/p>\n\n\n\n<p>\u2022 Article(s) non disponible<\/p>\n\n\n\n<p>\u2022 Difficult\u00e9 \u00e0 traiter vos informations de paiement<\/p>\n\n\n\n<p>\u2022 Impossible d\u2019exp\u00e9dier \u00e0 l\u2019adresse fournie<\/p>\n\n\n\n<p>\u2022 Une commande en double a \u00e9t\u00e9 plac\u00e9e<\/p>\n\n\n\n<p>Si nous annulons votre commande, vous recevrez un e-mail qui expliquera la raison de l\u2019annulation. Vous ne serez pas factur\u00e9 pour les articles annul\u00e9s. Si vous \u00eates int\u00e9ress\u00e9 par des produits alternatifs contactez-nous par email \u00e0 contact@dimensioncachee.com<\/p>\n\n\n\n<p>INFORMATION DE LIVRAISON<\/p>\n\n\n\n<p>Mettre les bonnes methode d\u2019expedition<\/p>\n\n\n\n<p>Les d\u00e9lais de livraison sont donn\u00e9s \u00e0 titre indicatif. Merci de noter que la livraison \u00e0 une adresse rurale excentr\u00e9e peut prendre plus de temps.<\/p>\n\n\n\n<p>TAXES ET FRAIS DE DOUANES<\/p>\n\n\n\n<p>Les prix des produits sont exprim\u00e9s en Euros, toutes taxes comprises et hors droits de douane. Pour les commandes en dehors de l\u2019UE, les droits de douane sont \u00e0 la charge du client.<\/p>\n\n\n\n<p>DIMENSION CACHEE ne peut \u00eatre tenu pour responsable de toute action et \/ ou co\u00fbts et \/ ou taxes et \/ ou retards dus \u00e0 la douane sur lesquels il n\u2019a aucun contr\u00f4le.<\/p>\n\n\n\n<p>INFORMATION IMPORTANTES<\/p>\n\n\n\n<p>Les d\u00e9lais de livraison sont donn\u00e9s \u00e0 titre indicatif et ne tiennent pas compte des retards \u00e9ventuels caus\u00e9s par l\u2019autorisation de paiement et \/ ou la disponibilit\u00e9 des stocks et \/ ou les d\u00e9lais de d\u00e9douanement. Nous ne livrons pas dans des boites postales. Toutes les commandes sont enti\u00e8rement tra\u00e7ables via ups.com<\/p>\n\n\n\n<p>POLITIQUE DE PREMIERE COMMANDE<\/p>\n\n\n\n<p>Pour des raisons de s\u00e9curit\u00e9, DIMENSION CACHEE se r\u00e9serve le droit d\u2019exp\u00e9dier des commandes pour la premi\u00e8re fois \u00e0 l\u2019adresse de facturation ou \u00e0 l\u2019adresse de travail v\u00e9rifi\u00e9e du titulaire de carte. Pour \u00e9viter les retards dans la r\u00e9ception de votre commande, assurez-vous de fournir les informations correctes de facturation et d\u2019exp\u00e9dition associ\u00e9es \u00e0 votre carte de cr\u00e9dit \/ d\u00e9bit lors de la commande.<\/p>\n\n\n\n<p>ASSURANCE<\/p>\n\n\n\n<p>DIMENSION CACHEE assure chaque achat pendant le temps de transit jusqu\u2019\u00e0 ce qu\u2019il vous soit livr\u00e9. Toutes les commandes n\u00e9cessitent une signature lors de la livraison. Si vous avez sp\u00e9cifi\u00e9 un destinataire autre que vous-m\u00eame pour la livraison, vous acceptez \u00e9galement que la signature du tiers constitue une preuve suffisante de la livraison.<\/p>\n\n\n\n<p>STATUT DE LA COMMANDE<\/p>\n\n\n\n<p>le client pourra consulter le statut de sa commande en se rendant sur le site du transporteur.<\/p>\n\n\n\n<p>RETOURS ET ECHANGES<\/p>\n\n\n\n<p>RETOURS<\/p>\n\n\n\n<p>DIMENSION CACHEE a une politique de retour de 14 jours: vous avez 14 jours \u00e0 compter de la date de livraison de votre commande pour l\u2019exp\u00e9dier \/ la renvoyer \u00e0 notre centre de retour pour un remboursement ou un \u00e9change.<\/p>\n\n\n\n<p>Toute r\u00e9clamation concernant la livraison du (des) Produit (s) doit \u00eatre soumise dans les 14 jours ouvrables suivant la r\u00e9ception du (des) Produit (s). Ils doivent \u00eatre envoy\u00e9s dans leur \u00e9tat d\u2019origine (emballage, accessoires, etiquette etc.), en utilisant les documents fournis dans le colis. Si vous avez la moindre question, vous pouvez envoyer un email \u00e0 contact@dimensioncachee.com.<\/p>\n\n\n\n<p>Le (les) produit (s) doit \u00eatre retourn\u00e9 \u00e0 :<\/p>\n\n\n\n<p>DC ( CONCEPT)DIMENSION CACHEE \u2013 BLS d\u00e9p\u00f4t shere distribution ZA les Rue des Fromentaux 44140 Le Bignon.<\/p>\n\n\n\n<p>Tout colis retourn\u00e9 apr\u00e8s le d\u00e9lai prescrit sera refus\u00e9 et renvoy\u00e9 \u00e0 l\u2019exp\u00e9diteur. Les co\u00fbts et risques relatifs au retour du (des) Produit (s) sont \u00e0 la charge de l\u2019exp\u00e9diteur.<\/p>\n\n\n\n<p>Pour que le service client accepte le retour, le (s) Produit (s) doit \u00eatre retourn\u00e9 en parfait \u00e9tat dans son emballage d\u2019origine, intact, avec son \u00e9tiquette attach\u00e9e, non port\u00e9e, accompagn\u00e9 de tous ses accessoires, et une copie de la facture d\u2019achat.<\/p>\n\n\n\n<p>Le client n\u2019a pas \u00e0 justifier les raisons de son retour ou \u00e0 payer des p\u00e9nalit\u00e9s, \u00e0 l\u2019exception des frais de retour et de tous les droits de douane potentiels.<\/p>\n\n\n\n<p>DIMENSION CACHEE ne peut \u00eatre tenu pour responsable en cas de perte, vol ou d\u00e9t\u00e9rioration du colis. Les colis pour lesquels l\u2019identification du client (nom, pr\u00e9nom, adresse et code de retour) n\u2019est pas possible seront refus\u00e9s.<\/p>\n\n\n\n<p>A la r\u00e9ception du (des) Produit (s) retourn\u00e9 (s) par le Client, le service client enverra une confirmation de r\u00e9ception du Produit par e-mail.<\/p>\n\n\n\n<p>ECHANGES<\/p>\n\n\n\n<p>Si vous \u00eates int\u00e9ress\u00e9 par une taille, une couleur ou un style diff\u00e9rent, veuillez nous renvoyer vos articles et simplement passer une nouvelle commande pour la pi\u00e8ce qui vous int\u00e9resse sur dimensioncachee.com<\/p>\n\n\n\n<p>REMBOURSEMENT<\/p>\n\n\n\n<p>Si la commande compl\u00e8te est retourn\u00e9e, le remboursement inclura les frais de livraison standard de DIMENSION CACHEE. \u00c0 cette fin, le client ins\u00e8re la facture de livraison indiquant le num\u00e9ro de suivi du colis dans le colis de retour. DIMENSION CACHEE remboursera au Client les sommes pay\u00e9es par celui-ci et correspondant \u00e0 l\u2019acquisition des Produits retourn\u00e9s (donc hors droits de douane \u00e9ventuels), dans un d\u00e9lai maximum de 14 jours par virement bancaire sur le compte utilis\u00e9 avec la carte de cr\u00e9dit portant le nom du client.<\/p>\n\n\n\n<p>Veuillez noter qu\u2019une d\u00e9duction peut \u00eatre effectu\u00e9e si la valeur de la marchandise a \u00e9t\u00e9 r\u00e9duite du fait que vous avez manipul\u00e9 la marchandise plus que n\u00e9cessaire.<\/p>\n\n\n\n<p>\u2022 Les articles doivent nous \u00eatre retourn\u00e9s en parfait \u00e9tat accompagn\u00e9s de l\u2019\u00e9tiquette d\u2019information de retour.<\/p>\n\n\n\n<p>\u2022 Assurez-vous que tous les produits sont exactement tels que vous les avez re\u00e7us, avec l\u2019\u00e9tiquette et le sceau toujours attach\u00e9s.<\/p>\n\n\n\n<p>\u2022 Tous les produits livr\u00e9s dans leur propre bo\u00eete, emballages y compris, les chaussures et les accessoires, doivent \u00eatre retourn\u00e9s dans leur bo\u00eete d\u2019origine non endommag\u00e9e, car elles sont consid\u00e9r\u00e9es comme faisant partie du produit.<\/p>\n\n\n\n<p>\u2022 Veuillez vous assurer de renvoyer les produits de grande taille qui viennent dans leur propre bo\u00eete \u00e0 l\u2019int\u00e9rieur d\u2019une autre bo\u00eete en carton solide pour ne pas endommager l\u2019emballage d\u2019origine.<\/p>\n\n\n\n<p>Veuillez envoyer le paquet \u00e0 :<\/p>\n\n\n\n<p>DC ( CONCEPT)DIMENSION CACHEE \u2013 BLS d\u00e9p\u00f4t shere distribution ZA les Rue des Fromentaux 44140 Le Bignon.<\/p>\n\n\n\n<p>QUALITE<\/p>\n\n\n\n<p>Si un article re\u00e7u est class\u00e9 comme d\u00e9fectueux et qu\u2019il a \u00e9t\u00e9 endommag\u00e9, vous devez nous contacter dans les 7 jours suivant sa r\u00e9ception.<\/p>\n\n\n\n<p>COMPTE<\/p>\n\n\n\n<p>en cours de cr\u00e9ation, veuillez actualiser cette page pour suivre l\u2019\u00e9volution.<\/p>\n\n\n\n<p>Guide des tailles<\/p>\n\n\n\n<p>Les mensuration du mannequin sont indiqu\u00e9es dans la fiche produit pour r\u00e9f\u00e9rences, pour les article comportant une taille particuli\u00e8re un guide sera donn\u00e9 dans la fiche produit.<\/p>\n","protected":false},"excerpt":{"rendered":"<p>COMMANDER METHODE DE PAIEMENT D\u00e8s que votre commande est pass\u00e9e, son montant est pr\u00e9lev\u00e9 sur votre compte. Pour annuler votre commande, merci de nous contacter et nous vous rembourserons directement sur votre compte. Des retours faciles : si un article ne vous convient pas, il suffit de nous le retourner pour un \u00e9change ou un [&hellip;]<\/p>\n","protected":false},"author":1,"featured_media":0,"parent":0,"menu_order":0,"comment_status":"closed","ping_status":"closed","template":"template-page-etroite.php","meta":{"_acf_changed":false,"footnotes":""},"class_list":["post-82","page","type-page","status-publish","hentry"],"acf":[],"yoast_head":"<!-- This site is optimized with the Yoast SEO plugin v22.7 - https:\/\/yoast.com\/wordpress\/plugins\/seo\/ -->\n<title>Commander - Dimension<\/title>\n<meta name=\"robots\" content=\"index, follow, max-snippet:-1, max-image-preview:large, max-video-preview:-1\" \/>\n<link rel=\"canonical\" href=\"https:\/\/dimensioncachee.com\/fr\/commander-2\/\" \/>\n<meta property=\"og:locale\" content=\"fr_FR\" \/>\n<meta property=\"og:type\" content=\"article\" \/>\n<meta property=\"og:title\" content=\"Commander - Dimension\" \/>\n<meta property=\"og:description\" content=\"COMMANDER METHODE DE PAIEMENT D\u00e8s que votre commande est pass\u00e9e, son montant est pr\u00e9lev\u00e9 sur votre compte. Pour annuler votre commande, merci de nous contacter et nous vous rembourserons directement sur votre compte. Des retours faciles : si un article ne vous convient pas, il suffit de nous le retourner pour un \u00e9change ou un [&hellip;]\" \/>\n<meta property=\"og:url\" content=\"https:\/\/dimensioncachee.com\/fr\/commander-2\/\" \/>\n<meta property=\"og:site_name\" content=\"Dimension\" \/>\n<meta property=\"article:modified_time\" content=\"2022-10-13T12:03:37+00:00\" \/>\n<meta name=\"twitter:card\" content=\"summary_large_image\" \/>\n<meta name=\"twitter:label1\" content=\"Dur\u00e9e de lecture estim\u00e9e\" \/>\n\t<meta name=\"twitter:data1\" content=\"8 minutes\" \/>\n<script type=\"application\/ld+json\" class=\"yoast-schema-graph\">{\"@context\":\"https:\/\/schema.org\",\"@graph\":[{\"@type\":\"WebPage\",\"@id\":\"https:\/\/dimensioncachee.com\/commander-2\/\",\"url\":\"https:\/\/dimensioncachee.com\/commander-2\/\",\"name\":\"Commander - Dimension\",\"isPartOf\":{\"@id\":\"https:\/\/dimensioncachee.com\/#website\"},\"datePublished\":\"2022-08-18T07:44:02+00:00\",\"dateModified\":\"2022-10-13T12:03:37+00:00\",\"breadcrumb\":{\"@id\":\"https:\/\/dimensioncachee.com\/commander-2\/#breadcrumb\"},\"inLanguage\":\"fr-FR\",\"potentialAction\":[{\"@type\":\"ReadAction\",\"target\":[\"https:\/\/dimensioncachee.com\/commander-2\/\"]}]},{\"@type\":\"BreadcrumbList\",\"@id\":\"https:\/\/dimensioncachee.com\/commander-2\/#breadcrumb\",\"itemListElement\":[{\"@type\":\"ListItem\",\"position\":1,\"name\":\"Accueil\",\"item\":\"https:\/\/dimensioncachee.com\/\"},{\"@type\":\"ListItem\",\"position\":2,\"name\":\"Commander\"}]},{\"@type\":\"WebSite\",\"@id\":\"https:\/\/dimensioncachee.com\/#website\",\"url\":\"https:\/\/dimensioncachee.com\/\",\"name\":\"Dimension\",\"description\":\"Un site utilisant WordPress\",\"potentialAction\":[{\"@type\":\"SearchAction\",\"target\":{\"@type\":\"EntryPoint\",\"urlTemplate\":\"https:\/\/dimensioncachee.com\/?s={search_term_string}\"},\"query-input\":\"required name=search_term_string\"}],\"inLanguage\":\"fr-FR\"}]}<\/script>\n<!-- \/ Yoast SEO plugin. -->","yoast_head_json":{"title":"Commander - Dimension","robots":{"index":"index","follow":"follow","max-snippet":"max-snippet:-1","max-image-preview":"max-image-preview:large","max-video-preview":"max-video-preview:-1"},"canonical":"https:\/\/dimensioncachee.com\/fr\/commander-2\/","og_locale":"fr_FR","og_type":"article","og_title":"Commander - Dimension","og_description":"COMMANDER METHODE DE PAIEMENT D\u00e8s que votre commande est pass\u00e9e, son montant est pr\u00e9lev\u00e9 sur votre compte. Pour annuler votre commande, merci de nous contacter et nous vous rembourserons directement sur votre compte. Des retours faciles : si un article ne vous convient pas, il suffit de nous le retourner pour un \u00e9change ou un [&hellip;]","og_url":"https:\/\/dimensioncachee.com\/fr\/commander-2\/","og_site_name":"Dimension","article_modified_time":"2022-10-13T12:03:37+00:00","twitter_card":"summary_large_image","twitter_misc":{"Dur\u00e9e de lecture estim\u00e9e":"8 minutes"},"schema":{"@context":"https:\/\/schema.org","@graph":[{"@type":"WebPage","@id":"https:\/\/dimensioncachee.com\/commander-2\/","url":"https:\/\/dimensioncachee.com\/commander-2\/","name":"Commander - Dimension","isPartOf":{"@id":"https:\/\/dimensioncachee.com\/#website"},"datePublished":"2022-08-18T07:44:02+00:00","dateModified":"2022-10-13T12:03:37+00:00","breadcrumb":{"@id":"https:\/\/dimensioncachee.com\/commander-2\/#breadcrumb"},"inLanguage":"fr-FR","potentialAction":[{"@type":"ReadAction","target":["https:\/\/dimensioncachee.com\/commander-2\/"]}]},{"@type":"BreadcrumbList","@id":"https:\/\/dimensioncachee.com\/commander-2\/#breadcrumb","itemListElement":[{"@type":"ListItem","position":1,"name":"Accueil","item":"https:\/\/dimensioncachee.com\/"},{"@type":"ListItem","position":2,"name":"Commander"}]},{"@type":"WebSite","@id":"https:\/\/dimensioncachee.com\/#website","url":"https:\/\/dimensioncachee.com\/","name":"Dimension","description":"Un site utilisant WordPress","potentialAction":[{"@type":"SearchAction","target":{"@type":"EntryPoint","urlTemplate":"https:\/\/dimensioncachee.com\/?s={search_term_string}"},"query-input":"required name=search_term_string"}],"inLanguage":"fr-FR"}]}},"jetpack_sharing_enabled":true,"_links":{"self":[{"href":"https:\/\/dimensioncachee.com\/fr\/wp-json\/wp\/v2\/pages\/82","targetHints":{"allow":["GET"]}}],"collection":[{"href":"https:\/\/dimensioncachee.com\/fr\/wp-json\/wp\/v2\/pages"}],"about":[{"href":"https:\/\/dimensioncachee.com\/fr\/wp-json\/wp\/v2\/types\/page"}],"author":[{"embeddable":true,"href":"https:\/\/dimensioncachee.com\/fr\/wp-json\/wp\/v2\/users\/1"}],"replies":[{"embeddable":true,"href":"https:\/\/dimensioncachee.com\/fr\/wp-json\/wp\/v2\/comments?post=82"}],"version-history":[{"count":5,"href":"https:\/\/dimensioncachee.com\/fr\/wp-json\/wp\/v2\/pages\/82\/revisions"}],"predecessor-version":[{"id":554,"href":"https:\/\/dimensioncachee.com\/fr\/wp-json\/wp\/v2\/pages\/82\/revisions\/554"}],"wp:attachment":[{"href":"https:\/\/dimensioncachee.com\/fr\/wp-json\/wp\/v2\/media?parent=82"}],"curies":[{"name":"wp","href":"https:\/\/api.w.org\/{rel}","templated":true}]}}