{"id":80,"date":"2022-08-18T09:39:57","date_gmt":"2022-08-18T07:39:57","guid":{"rendered":"https:\/\/dimensioncachee.com\/?page_id=80"},"modified":"2022-09-28T15:33:27","modified_gmt":"2022-09-28T13:33:27","slug":"mentions-legales","status":"publish","type":"page","link":"https:\/\/dimensioncachee.com\/fr\/mentions-legales\/","title":{"rendered":"Mentions L\u00e9gales"},"content":{"rendered":"\n<p>\u00c9diteur<\/p>\n\n\n\n<p>Le site www.dimensioncachee.com est publi\u00e9 par la soci\u00e9t\u00e9 DC Concept ,Soci\u00e9t\u00e9 par Actions Simplifi\u00e9e au capital de 10.000 \u20ac, dont le si\u00e8ge social est situ\u00e9 au 355 rue Pierre Simon Laplace 13290 Aix en Provence Repr\u00e9sent\u00e9e par Madame Marie VENTURA-CECCALDI, immatricul\u00e9e au Registre du Commerce et des Soci\u00e9t\u00e9s de Aix En Provence sous le n\u00b0 891447443, dont le num\u00e9ro de TVA intra-communautaire est le FR FR58891447443 et dont le si\u00e8ge social est sis au 355, rue Pierre Laplace 13290 Aix-en-provence, France.<\/p>\n\n\n\n<p>Email : contact@dimensioncachee.com<\/p>\n\n\n\n<p>Directeur de la Publication : Marie VENTURA-CECCALDI<\/p>\n\n\n\n<p>Le Site est h\u00e9berg\u00e9 par la soci\u00e9t\u00e9 : OVH<\/p>\n\n\n\n<p>Adresse : 2, rue Kellermann BP 80157 59053 ROUBAIX Cedex 1<\/p>\n\n\n\n<p>Email : support@ovh.com<\/p>\n\n\n\n<p>T\u00e9l. : +33 (0)8 203 203 63<\/p>\n\n\n\n<p>Num\u00e9ro d\u2019immatriculation au Registre du Commerce et des Soci\u00e9t\u00e9s de Lille : B 424 761 419<\/p>\n","protected":false},"excerpt":{"rendered":"<p>\u00c9diteur Le site www.dimensioncachee.com est publi\u00e9 par la soci\u00e9t\u00e9 DC Concept ,Soci\u00e9t\u00e9 par Actions Simplifi\u00e9e au capital de 10.000 \u20ac, dont le si\u00e8ge social est situ\u00e9 au 355 rue Pierre Simon Laplace 13290 Aix en Provence Repr\u00e9sent\u00e9e par Madame Marie VENTURA-CECCALDI, immatricul\u00e9e au Registre du Commerce et des Soci\u00e9t\u00e9s de Aix En Provence sous le [&hellip;]<\/p>\n","protected":false},"author":1,"featured_media":0,"parent":0,"menu_order":0,"comment_status":"closed","ping_status":"closed","template":"template-page-etroite.php","meta":{"_acf_changed":false,"footnotes":""},"class_list":["post-80","page","type-page","status-publish","hentry"],"acf":[],"yoast_head":"<!-- This site is optimized with the Yoast SEO plugin v22.7 - https:\/\/yoast.com\/wordpress\/plugins\/seo\/ -->\n<title>Mentions L\u00e9gales - Dimension<\/title>\n<meta name=\"robots\" content=\"index, follow, max-snippet:-1, max-image-preview:large, max-video-preview:-1\" \/>\n<link rel=\"canonical\" href=\"https:\/\/dimensioncachee.com\/fr\/mentions-legales\/\" \/>\n<meta property=\"og:locale\" content=\"fr_FR\" \/>\n<meta property=\"og:type\" content=\"article\" \/>\n<meta property=\"og:title\" content=\"Mentions L\u00e9gales - Dimension\" \/>\n<meta property=\"og:description\" content=\"\u00c9diteur Le site www.dimensioncachee.com est publi\u00e9 par la soci\u00e9t\u00e9 DC Concept ,Soci\u00e9t\u00e9 par Actions Simplifi\u00e9e au capital de 10.000 \u20ac, dont le si\u00e8ge social est situ\u00e9 au 355 rue Pierre Simon Laplace 13290 Aix en Provence Repr\u00e9sent\u00e9e par Madame Marie VENTURA-CECCALDI, immatricul\u00e9e au Registre du Commerce et des Soci\u00e9t\u00e9s de Aix En Provence sous le [&hellip;]\" \/>\n<meta property=\"og:url\" content=\"https:\/\/dimensioncachee.com\/fr\/mentions-legales\/\" \/>\n<meta property=\"og:site_name\" content=\"Dimension\" \/>\n<meta property=\"article:modified_time\" content=\"2022-09-28T13:33:27+00:00\" \/>\n<meta name=\"twitter:card\" content=\"summary_large_image\" \/>\n<meta name=\"twitter:label1\" content=\"Dur\u00e9e de lecture estim\u00e9e\" \/>\n\t<meta name=\"twitter:data1\" content=\"1 minute\" \/>\n<script type=\"application\/ld+json\" class=\"yoast-schema-graph\">{\"@context\":\"https:\/\/schema.org\",\"@graph\":[{\"@type\":\"WebPage\",\"@id\":\"https:\/\/dimensioncachee.com\/mentions-legales\/\",\"url\":\"https:\/\/dimensioncachee.com\/mentions-legales\/\",\"name\":\"Mentions L\u00e9gales - Dimension\",\"isPartOf\":{\"@id\":\"https:\/\/dimensioncachee.com\/#website\"},\"datePublished\":\"2022-08-18T07:39:57+00:00\",\"dateModified\":\"2022-09-28T13:33:27+00:00\",\"breadcrumb\":{\"@id\":\"https:\/\/dimensioncachee.com\/mentions-legales\/#breadcrumb\"},\"inLanguage\":\"fr-FR\",\"potentialAction\":[{\"@type\":\"ReadAction\",\"target\":[\"https:\/\/dimensioncachee.com\/mentions-legales\/\"]}]},{\"@type\":\"BreadcrumbList\",\"@id\":\"https:\/\/dimensioncachee.com\/mentions-legales\/#breadcrumb\",\"itemListElement\":[{\"@type\":\"ListItem\",\"position\":1,\"name\":\"Accueil\",\"item\":\"https:\/\/dimensioncachee.com\/\"},{\"@type\":\"ListItem\",\"position\":2,\"name\":\"Mentions L\u00e9gales\"}]},{\"@type\":\"WebSite\",\"@id\":\"https:\/\/dimensioncachee.com\/#website\",\"url\":\"https:\/\/dimensioncachee.com\/\",\"name\":\"Dimension\",\"description\":\"Un site utilisant WordPress\",\"potentialAction\":[{\"@type\":\"SearchAction\",\"target\":{\"@type\":\"EntryPoint\",\"urlTemplate\":\"https:\/\/dimensioncachee.com\/?s={search_term_string}\"},\"query-input\":\"required name=search_term_string\"}],\"inLanguage\":\"fr-FR\"}]}<\/script>\n<!-- \/ Yoast SEO plugin. -->","yoast_head_json":{"title":"Mentions L\u00e9gales - Dimension","robots":{"index":"index","follow":"follow","max-snippet":"max-snippet:-1","max-image-preview":"max-image-preview:large","max-video-preview":"max-video-preview:-1"},"canonical":"https:\/\/dimensioncachee.com\/fr\/mentions-legales\/","og_locale":"fr_FR","og_type":"article","og_title":"Mentions L\u00e9gales - Dimension","og_description":"\u00c9diteur Le site www.dimensioncachee.com est publi\u00e9 par la soci\u00e9t\u00e9 DC Concept ,Soci\u00e9t\u00e9 par Actions Simplifi\u00e9e au capital de 10.000 \u20ac, dont le si\u00e8ge social est situ\u00e9 au 355 rue Pierre Simon Laplace 13290 Aix en Provence Repr\u00e9sent\u00e9e par Madame Marie VENTURA-CECCALDI, immatricul\u00e9e au Registre du Commerce et des Soci\u00e9t\u00e9s de Aix En Provence sous le [&hellip;]","og_url":"https:\/\/dimensioncachee.com\/fr\/mentions-legales\/","og_site_name":"Dimension","article_modified_time":"2022-09-28T13:33:27+00:00","twitter_card":"summary_large_image","twitter_misc":{"Dur\u00e9e de lecture estim\u00e9e":"1 minute"},"schema":{"@context":"https:\/\/schema.org","@graph":[{"@type":"WebPage","@id":"https:\/\/dimensioncachee.com\/mentions-legales\/","url":"https:\/\/dimensioncachee.com\/mentions-legales\/","name":"Mentions L\u00e9gales - Dimension","isPartOf":{"@id":"https:\/\/dimensioncachee.com\/#website"},"datePublished":"2022-08-18T07:39:57+00:00","dateModified":"2022-09-28T13:33:27+00:00","breadcrumb":{"@id":"https:\/\/dimensioncachee.com\/mentions-legales\/#breadcrumb"},"inLanguage":"fr-FR","potentialAction":[{"@type":"ReadAction","target":["https:\/\/dimensioncachee.com\/mentions-legales\/"]}]},{"@type":"BreadcrumbList","@id":"https:\/\/dimensioncachee.com\/mentions-legales\/#breadcrumb","itemListElement":[{"@type":"ListItem","position":1,"name":"Accueil","item":"https:\/\/dimensioncachee.com\/"},{"@type":"ListItem","position":2,"name":"Mentions L\u00e9gales"}]},{"@type":"WebSite","@id":"https:\/\/dimensioncachee.com\/#website","url":"https:\/\/dimensioncachee.com\/","name":"Dimension","description":"Un site utilisant WordPress","potentialAction":[{"@type":"SearchAction","target":{"@type":"EntryPoint","urlTemplate":"https:\/\/dimensioncachee.com\/?s={search_term_string}"},"query-input":"required name=search_term_string"}],"inLanguage":"fr-FR"}]}},"jetpack_sharing_enabled":true,"_links":{"self":[{"href":"https:\/\/dimensioncachee.com\/fr\/wp-json\/wp\/v2\/pages\/80","targetHints":{"allow":["GET"]}}],"collection":[{"href":"https:\/\/dimensioncachee.com\/fr\/wp-json\/wp\/v2\/pages"}],"about":[{"href":"https:\/\/dimensioncachee.com\/fr\/wp-json\/wp\/v2\/types\/page"}],"author":[{"embeddable":true,"href":"https:\/\/dimensioncachee.com\/fr\/wp-json\/wp\/v2\/users\/1"}],"replies":[{"embeddable":true,"href":"https:\/\/dimensioncachee.com\/fr\/wp-json\/wp\/v2\/comments?post=80"}],"version-history":[{"count":3,"href":"https:\/\/dimensioncachee.com\/fr\/wp-json\/wp\/v2\/pages\/80\/revisions"}],"predecessor-version":[{"id":556,"href":"https:\/\/dimensioncachee.com\/fr\/wp-json\/wp\/v2\/pages\/80\/revisions\/556"}],"wp:attachment":[{"href":"https:\/\/dimensioncachee.com\/fr\/wp-json\/wp\/v2\/media?parent=80"}],"curies":[{"name":"wp","href":"https:\/\/api.w.org\/{rel}","templated":true}]}}