{"id":60,"date":"2022-08-18T09:07:54","date_gmt":"2022-08-18T07:07:54","guid":{"rendered":"https:\/\/dimensioncachee.com\/?page_id=60"},"modified":"2022-10-18T09:39:08","modified_gmt":"2022-10-18T07:39:08","slug":"collection","status":"publish","type":"page","link":"https:\/\/dimensioncachee.com\/fr\/collection\/","title":{"rendered":"Collection"},"content":{"rendered":"\n<p><strong>Premi\u00e8re collection dimension cachee, premi\u00e8re rencontre.<\/strong><\/p>\n\n\n\n<p>Hi.<br>Tout en introspection. Une collection d\u2019 \u00ab Id\u00e9al \u00bb, en douceur et dans l\u2019hyper confort.<br>Des pi\u00e8ces intemporelles aux coupes sublimes qui \u00e9pousent les corps.<br>Coeur \u00e0 corps.<br>Corps \u00e0 coeurs.<br>Pour corps \u00e0 corps assum\u00e9s.<\/p>\n\n\n\n<p>16 pi\u00e8ces, 3 coloris phares.<br>Une collection en \u00e9dition limit\u00e9e.<br>Des nuances naturelles pour une premi\u00e8re approche affirm\u00e9e.<\/p>\n\n\n\n<p>Un vestiaire minimaliste qui s\u2019exprime \u00e0 travers la mati\u00e8re, toujours dans l\u2019hyper qualit\u00e9 du savoir faire de couture fran\u00e7ais, jouant la dualit\u00e9 des genres dans des collections doubles facettes.<\/p>\n\n\n\n<p>les lignes architecturales aux tonalit\u00e9s min\u00e9rales rencontrent le confort rassurant du \u00ab leisurewear \u00bb, couture fant\u00f4me peau contre peau.<\/p>\n\n\n\n<p>Entre street urbain, et approche po\u00e9tique inspir\u00e9e de l\u2019\u00e9l\u00e9gance des ann\u00e9es folles.<br>Un vestiaire qui incarne un style de vie entre hyper confort, praticit\u00e9, et look affirm\u00e9.<\/p>\n\n\n\n<p>Identitaire et parfois paradoxal.<br>Une neutralit\u00e9 r\u00e9confortante, mais apostrophante.<\/p>\n\n\n\n<p>Hey.<br>Une premi\u00e8re collection comme un \u00e9lan de d\u00e9couvertes et une mise \u00e0 nue de sentiments.<br>Une justesse des gestes. En mouvement.<\/p>\n\n\n\n<p>L\u2019incarnation d\u2019un concept.<br>D\u2019une voix.<br>De dualit\u00e9s.<br>En duo.<\/p>\n\n\n\n<p>Une collection qui d\u00e9voile la dimension publique et la dimension cach\u00e9e. Deux dimensions qui s\u2019entrem\u00ealent sans cesse, comme une rencontre amoureuse.<br>Intemporelle.<br>La premi\u00e8re Dimension de Dimension Cach\u00e9e.<\/p>\n\n\n\n<p>Nice to finally meet you.<\/p>\n","protected":false},"excerpt":{"rendered":"<p>Premi\u00e8re collection dimension cachee, premi\u00e8re rencontre. Hi.Tout en introspection. Une collection d\u2019 \u00ab Id\u00e9al \u00bb, en douceur et dans l\u2019hyper confort.Des pi\u00e8ces intemporelles aux coupes sublimes qui \u00e9pousent les corps.Coeur \u00e0 corps.Corps \u00e0 coeurs.Pour corps \u00e0 corps assum\u00e9s. 16 pi\u00e8ces, 3 coloris phares.Une collection en \u00e9dition limit\u00e9e.Des nuances naturelles pour une premi\u00e8re approche affirm\u00e9e. Un [&hellip;]<\/p>\n","protected":false},"author":1,"featured_media":0,"parent":0,"menu_order":0,"comment_status":"closed","ping_status":"closed","template":"template-collection-concept2.php","meta":{"_acf_changed":false,"footnotes":""},"class_list":["post-60","page","type-page","status-publish","hentry"],"acf":[],"yoast_head":"<!-- This site is optimized with the Yoast SEO plugin v22.7 - https:\/\/yoast.com\/wordpress\/plugins\/seo\/ -->\n<title>Collection - Dimension<\/title>\n<meta name=\"robots\" content=\"index, follow, max-snippet:-1, max-image-preview:large, max-video-preview:-1\" \/>\n<link rel=\"canonical\" href=\"https:\/\/dimensioncachee.com\/fr\/collection\/\" \/>\n<meta property=\"og:locale\" content=\"fr_FR\" \/>\n<meta property=\"og:type\" content=\"article\" \/>\n<meta property=\"og:title\" content=\"Collection - Dimension\" \/>\n<meta property=\"og:description\" content=\"Premi\u00e8re collection dimension cachee, premi\u00e8re rencontre. Hi.Tout en introspection. Une collection d\u2019 \u00ab Id\u00e9al \u00bb, en douceur et dans l\u2019hyper confort.Des pi\u00e8ces intemporelles aux coupes sublimes qui \u00e9pousent les corps.Coeur \u00e0 corps.Corps \u00e0 coeurs.Pour corps \u00e0 corps assum\u00e9s. 16 pi\u00e8ces, 3 coloris phares.Une collection en \u00e9dition limit\u00e9e.Des nuances naturelles pour une premi\u00e8re approche affirm\u00e9e. Un [&hellip;]\" \/>\n<meta property=\"og:url\" content=\"https:\/\/dimensioncachee.com\/fr\/collection\/\" \/>\n<meta property=\"og:site_name\" content=\"Dimension\" \/>\n<meta property=\"article:modified_time\" content=\"2022-10-18T07:39:08+00:00\" \/>\n<meta name=\"twitter:card\" content=\"summary_large_image\" \/>\n<meta name=\"twitter:label1\" content=\"Dur\u00e9e de lecture estim\u00e9e\" \/>\n\t<meta name=\"twitter:data1\" content=\"2 minutes\" \/>\n<script type=\"application\/ld+json\" class=\"yoast-schema-graph\">{\"@context\":\"https:\/\/schema.org\",\"@graph\":[{\"@type\":\"WebPage\",\"@id\":\"https:\/\/dimensioncachee.com\/collection\/\",\"url\":\"https:\/\/dimensioncachee.com\/collection\/\",\"name\":\"Collection - Dimension\",\"isPartOf\":{\"@id\":\"https:\/\/dimensioncachee.com\/#website\"},\"datePublished\":\"2022-08-18T07:07:54+00:00\",\"dateModified\":\"2022-10-18T07:39:08+00:00\",\"breadcrumb\":{\"@id\":\"https:\/\/dimensioncachee.com\/collection\/#breadcrumb\"},\"inLanguage\":\"fr-FR\",\"potentialAction\":[{\"@type\":\"ReadAction\",\"target\":[\"https:\/\/dimensioncachee.com\/collection\/\"]}]},{\"@type\":\"BreadcrumbList\",\"@id\":\"https:\/\/dimensioncachee.com\/collection\/#breadcrumb\",\"itemListElement\":[{\"@type\":\"ListItem\",\"position\":1,\"name\":\"Accueil\",\"item\":\"https:\/\/dimensioncachee.com\/\"},{\"@type\":\"ListItem\",\"position\":2,\"name\":\"Collection\"}]},{\"@type\":\"WebSite\",\"@id\":\"https:\/\/dimensioncachee.com\/#website\",\"url\":\"https:\/\/dimensioncachee.com\/\",\"name\":\"Dimension\",\"description\":\"Un site utilisant WordPress\",\"potentialAction\":[{\"@type\":\"SearchAction\",\"target\":{\"@type\":\"EntryPoint\",\"urlTemplate\":\"https:\/\/dimensioncachee.com\/?s={search_term_string}\"},\"query-input\":\"required name=search_term_string\"}],\"inLanguage\":\"fr-FR\"}]}<\/script>\n<!-- \/ Yoast SEO plugin. -->","yoast_head_json":{"title":"Collection - Dimension","robots":{"index":"index","follow":"follow","max-snippet":"max-snippet:-1","max-image-preview":"max-image-preview:large","max-video-preview":"max-video-preview:-1"},"canonical":"https:\/\/dimensioncachee.com\/fr\/collection\/","og_locale":"fr_FR","og_type":"article","og_title":"Collection - Dimension","og_description":"Premi\u00e8re collection dimension cachee, premi\u00e8re rencontre. Hi.Tout en introspection. Une collection d\u2019 \u00ab Id\u00e9al \u00bb, en douceur et dans l\u2019hyper confort.Des pi\u00e8ces intemporelles aux coupes sublimes qui \u00e9pousent les corps.Coeur \u00e0 corps.Corps \u00e0 coeurs.Pour corps \u00e0 corps assum\u00e9s. 16 pi\u00e8ces, 3 coloris phares.Une collection en \u00e9dition limit\u00e9e.Des nuances naturelles pour une premi\u00e8re approche affirm\u00e9e. Un [&hellip;]","og_url":"https:\/\/dimensioncachee.com\/fr\/collection\/","og_site_name":"Dimension","article_modified_time":"2022-10-18T07:39:08+00:00","twitter_card":"summary_large_image","twitter_misc":{"Dur\u00e9e de lecture estim\u00e9e":"2 minutes"},"schema":{"@context":"https:\/\/schema.org","@graph":[{"@type":"WebPage","@id":"https:\/\/dimensioncachee.com\/collection\/","url":"https:\/\/dimensioncachee.com\/collection\/","name":"Collection - Dimension","isPartOf":{"@id":"https:\/\/dimensioncachee.com\/#website"},"datePublished":"2022-08-18T07:07:54+00:00","dateModified":"2022-10-18T07:39:08+00:00","breadcrumb":{"@id":"https:\/\/dimensioncachee.com\/collection\/#breadcrumb"},"inLanguage":"fr-FR","potentialAction":[{"@type":"ReadAction","target":["https:\/\/dimensioncachee.com\/collection\/"]}]},{"@type":"BreadcrumbList","@id":"https:\/\/dimensioncachee.com\/collection\/#breadcrumb","itemListElement":[{"@type":"ListItem","position":1,"name":"Accueil","item":"https:\/\/dimensioncachee.com\/"},{"@type":"ListItem","position":2,"name":"Collection"}]},{"@type":"WebSite","@id":"https:\/\/dimensioncachee.com\/#website","url":"https:\/\/dimensioncachee.com\/","name":"Dimension","description":"Un site utilisant WordPress","potentialAction":[{"@type":"SearchAction","target":{"@type":"EntryPoint","urlTemplate":"https:\/\/dimensioncachee.com\/?s={search_term_string}"},"query-input":"required name=search_term_string"}],"inLanguage":"fr-FR"}]}},"jetpack_sharing_enabled":true,"_links":{"self":[{"href":"https:\/\/dimensioncachee.com\/fr\/wp-json\/wp\/v2\/pages\/60","targetHints":{"allow":["GET"]}}],"collection":[{"href":"https:\/\/dimensioncachee.com\/fr\/wp-json\/wp\/v2\/pages"}],"about":[{"href":"https:\/\/dimensioncachee.com\/fr\/wp-json\/wp\/v2\/types\/page"}],"author":[{"embeddable":true,"href":"https:\/\/dimensioncachee.com\/fr\/wp-json\/wp\/v2\/users\/1"}],"replies":[{"embeddable":true,"href":"https:\/\/dimensioncachee.com\/fr\/wp-json\/wp\/v2\/comments?post=60"}],"version-history":[{"count":4,"href":"https:\/\/dimensioncachee.com\/fr\/wp-json\/wp\/v2\/pages\/60\/revisions"}],"predecessor-version":[{"id":638,"href":"https:\/\/dimensioncachee.com\/fr\/wp-json\/wp\/v2\/pages\/60\/revisions\/638"}],"wp:attachment":[{"href":"https:\/\/dimensioncachee.com\/fr\/wp-json\/wp\/v2\/media?parent=60"}],"curies":[{"name":"wp","href":"https:\/\/api.w.org\/{rel}","templated":true}]}}