{"id":581,"date":"2022-10-11T15:55:23","date_gmt":"2022-10-11T13:55:23","guid":{"rendered":"https:\/\/dimensioncachee.com\/?page_id=581"},"modified":"2022-11-15T10:41:49","modified_gmt":"2022-11-15T09:41:49","slug":"marie-claire-05-septembre-2022","status":"publish","type":"page","link":"https:\/\/dimensioncachee.com\/fr\/revue-de-presse\/marie-claire-05-septembre-2022\/","title":{"rendered":"MARIE CLAIRE 05\/09\/2022"},"content":{"rendered":"\n<p>\"DIMENSION CACHEE, QUAND LES V\u00caTEMENTS R\u00c9V\u00c8LENT NOTRE DUALIT\u00c9.\"<\/p>\n","protected":false},"excerpt":{"rendered":"<p>&#8220;DIMENSION CACHEE, QUAND LES V\u00caTEMENTS R\u00c9V\u00c8LENT NOTRE DUALIT\u00c9.&#8221;<\/p>\n","protected":false},"author":3,"featured_media":699,"parent":166,"menu_order":0,"comment_status":"closed","ping_status":"closed","template":"template-collection-concept.php","meta":{"_acf_changed":false,"footnotes":""},"class_list":["post-581","page","type-page","status-publish","has-post-thumbnail","hentry"],"acf":[],"yoast_head":"<!-- This site is optimized with the Yoast SEO plugin v22.7 - https:\/\/yoast.com\/wordpress\/plugins\/seo\/ -->\n<title>MARIE CLAIRE 05\/09\/2022 - Dimension<\/title>\n<meta name=\"description\" content=\"DIMENSION CACHEE, quand les v\u00eatements r\u00e9v\u00e8lent notre dualit\u00e9. D\u00e9couvrez la vision de la cr\u00e9atrice dans la rubrique les incontournables.\" \/>\n<meta name=\"robots\" content=\"index, follow, max-snippet:-1, max-image-preview:large, max-video-preview:-1\" \/>\n<link rel=\"canonical\" href=\"https:\/\/dimensioncachee.com\/fr\/revue-de-presse\/marie-claire-05-septembre-2022\/\" \/>\n<meta property=\"og:locale\" content=\"fr_FR\" \/>\n<meta property=\"og:type\" content=\"article\" \/>\n<meta property=\"og:title\" content=\"MARIE CLAIRE 05\/09\/2022 - Dimension\" \/>\n<meta property=\"og:description\" content=\"DIMENSION CACHEE, quand les v\u00eatements r\u00e9v\u00e8lent notre dualit\u00e9. D\u00e9couvrez la vision de la cr\u00e9atrice dans la rubrique les incontournables.\" \/>\n<meta property=\"og:url\" content=\"https:\/\/dimensioncachee.com\/fr\/revue-de-presse\/marie-claire-05-septembre-2022\/\" \/>\n<meta property=\"og:site_name\" content=\"Dimension\" \/>\n<meta property=\"article:modified_time\" content=\"2022-11-15T09:41:49+00:00\" \/>\n<meta property=\"og:image\" content=\"https:\/\/dimensioncachee.com\/wp-content\/uploads\/2022\/11\/IMG_0335.jpg\" \/>\n\t<meta property=\"og:image:width\" content=\"1207\" \/>\n\t<meta property=\"og:image:height\" content=\"1500\" \/>\n\t<meta property=\"og:image:type\" content=\"image\/jpeg\" \/>\n<meta name=\"twitter:card\" content=\"summary_large_image\" \/>\n<meta name=\"twitter:label1\" content=\"Dur\u00e9e de lecture estim\u00e9e\" \/>\n\t<meta name=\"twitter:data1\" content=\"1 minute\" \/>\n<script type=\"application\/ld+json\" class=\"yoast-schema-graph\">{\"@context\":\"https:\/\/schema.org\",\"@graph\":[{\"@type\":\"WebPage\",\"@id\":\"https:\/\/dimensioncachee.com\/revue-de-presse\/marie-claire-05-septembre-2022\/\",\"url\":\"https:\/\/dimensioncachee.com\/revue-de-presse\/marie-claire-05-septembre-2022\/\",\"name\":\"MARIE CLAIRE 05\/09\/2022 - Dimension\",\"isPartOf\":{\"@id\":\"https:\/\/dimensioncachee.com\/#website\"},\"primaryImageOfPage\":{\"@id\":\"https:\/\/dimensioncachee.com\/revue-de-presse\/marie-claire-05-septembre-2022\/#primaryimage\"},\"image\":{\"@id\":\"https:\/\/dimensioncachee.com\/revue-de-presse\/marie-claire-05-septembre-2022\/#primaryimage\"},\"thumbnailUrl\":\"https:\/\/dimensioncachee.com\/wp-content\/uploads\/2022\/11\/IMG_0335.jpg\",\"datePublished\":\"2022-10-11T13:55:23+00:00\",\"dateModified\":\"2022-11-15T09:41:49+00:00\",\"description\":\"DIMENSION CACHEE, quand les v\u00eatements r\u00e9v\u00e8lent notre dualit\u00e9. D\u00e9couvrez la vision de la cr\u00e9atrice dans la rubrique les incontournables.\",\"breadcrumb\":{\"@id\":\"https:\/\/dimensioncachee.com\/revue-de-presse\/marie-claire-05-septembre-2022\/#breadcrumb\"},\"inLanguage\":\"fr-FR\",\"potentialAction\":[{\"@type\":\"ReadAction\",\"target\":[\"https:\/\/dimensioncachee.com\/revue-de-presse\/marie-claire-05-septembre-2022\/\"]}]},{\"@type\":\"ImageObject\",\"inLanguage\":\"fr-FR\",\"@id\":\"https:\/\/dimensioncachee.com\/revue-de-presse\/marie-claire-05-septembre-2022\/#primaryimage\",\"url\":\"https:\/\/dimensioncachee.com\/wp-content\/uploads\/2022\/11\/IMG_0335.jpg\",\"contentUrl\":\"https:\/\/dimensioncachee.com\/wp-content\/uploads\/2022\/11\/IMG_0335.jpg\",\"width\":1207,\"height\":1500},{\"@type\":\"BreadcrumbList\",\"@id\":\"https:\/\/dimensioncachee.com\/revue-de-presse\/marie-claire-05-septembre-2022\/#breadcrumb\",\"itemListElement\":[{\"@type\":\"ListItem\",\"position\":1,\"name\":\"Accueil\",\"item\":\"https:\/\/dimensioncachee.com\/\"},{\"@type\":\"ListItem\",\"position\":2,\"name\":\"Revue de presse\",\"item\":\"https:\/\/dimensioncachee.com\/revue-de-presse\/\"},{\"@type\":\"ListItem\",\"position\":3,\"name\":\"MARIE CLAIRE 05\/09\/2022\"}]},{\"@type\":\"WebSite\",\"@id\":\"https:\/\/dimensioncachee.com\/#website\",\"url\":\"https:\/\/dimensioncachee.com\/\",\"name\":\"Dimension\",\"description\":\"Un site utilisant WordPress\",\"potentialAction\":[{\"@type\":\"SearchAction\",\"target\":{\"@type\":\"EntryPoint\",\"urlTemplate\":\"https:\/\/dimensioncachee.com\/?s={search_term_string}\"},\"query-input\":\"required name=search_term_string\"}],\"inLanguage\":\"fr-FR\"}]}<\/script>\n<!-- \/ Yoast SEO plugin. -->","yoast_head_json":{"title":"MARIE CLAIRE 05\/09\/2022 - Dimension","description":"DIMENSION CACHEE, quand les v\u00eatements r\u00e9v\u00e8lent notre dualit\u00e9. D\u00e9couvrez la vision de la cr\u00e9atrice dans la rubrique les incontournables.","robots":{"index":"index","follow":"follow","max-snippet":"max-snippet:-1","max-image-preview":"max-image-preview:large","max-video-preview":"max-video-preview:-1"},"canonical":"https:\/\/dimensioncachee.com\/fr\/revue-de-presse\/marie-claire-05-septembre-2022\/","og_locale":"fr_FR","og_type":"article","og_title":"MARIE CLAIRE 05\/09\/2022 - Dimension","og_description":"DIMENSION CACHEE, quand les v\u00eatements r\u00e9v\u00e8lent notre dualit\u00e9. D\u00e9couvrez la vision de la cr\u00e9atrice dans la rubrique les incontournables.","og_url":"https:\/\/dimensioncachee.com\/fr\/revue-de-presse\/marie-claire-05-septembre-2022\/","og_site_name":"Dimension","article_modified_time":"2022-11-15T09:41:49+00:00","og_image":[{"width":1207,"height":1500,"url":"https:\/\/dimensioncachee.com\/wp-content\/uploads\/2022\/11\/IMG_0335.jpg","type":"image\/jpeg"}],"twitter_card":"summary_large_image","twitter_misc":{"Dur\u00e9e de lecture estim\u00e9e":"1 minute"},"schema":{"@context":"https:\/\/schema.org","@graph":[{"@type":"WebPage","@id":"https:\/\/dimensioncachee.com\/revue-de-presse\/marie-claire-05-septembre-2022\/","url":"https:\/\/dimensioncachee.com\/revue-de-presse\/marie-claire-05-septembre-2022\/","name":"MARIE CLAIRE 05\/09\/2022 - Dimension","isPartOf":{"@id":"https:\/\/dimensioncachee.com\/#website"},"primaryImageOfPage":{"@id":"https:\/\/dimensioncachee.com\/revue-de-presse\/marie-claire-05-septembre-2022\/#primaryimage"},"image":{"@id":"https:\/\/dimensioncachee.com\/revue-de-presse\/marie-claire-05-septembre-2022\/#primaryimage"},"thumbnailUrl":"https:\/\/dimensioncachee.com\/wp-content\/uploads\/2022\/11\/IMG_0335.jpg","datePublished":"2022-10-11T13:55:23+00:00","dateModified":"2022-11-15T09:41:49+00:00","description":"DIMENSION CACHEE, quand les v\u00eatements r\u00e9v\u00e8lent notre dualit\u00e9. D\u00e9couvrez la vision de la cr\u00e9atrice dans la rubrique les incontournables.","breadcrumb":{"@id":"https:\/\/dimensioncachee.com\/revue-de-presse\/marie-claire-05-septembre-2022\/#breadcrumb"},"inLanguage":"fr-FR","potentialAction":[{"@type":"ReadAction","target":["https:\/\/dimensioncachee.com\/revue-de-presse\/marie-claire-05-septembre-2022\/"]}]},{"@type":"ImageObject","inLanguage":"fr-FR","@id":"https:\/\/dimensioncachee.com\/revue-de-presse\/marie-claire-05-septembre-2022\/#primaryimage","url":"https:\/\/dimensioncachee.com\/wp-content\/uploads\/2022\/11\/IMG_0335.jpg","contentUrl":"https:\/\/dimensioncachee.com\/wp-content\/uploads\/2022\/11\/IMG_0335.jpg","width":1207,"height":1500},{"@type":"BreadcrumbList","@id":"https:\/\/dimensioncachee.com\/revue-de-presse\/marie-claire-05-septembre-2022\/#breadcrumb","itemListElement":[{"@type":"ListItem","position":1,"name":"Accueil","item":"https:\/\/dimensioncachee.com\/"},{"@type":"ListItem","position":2,"name":"Revue de presse","item":"https:\/\/dimensioncachee.com\/revue-de-presse\/"},{"@type":"ListItem","position":3,"name":"MARIE CLAIRE 05\/09\/2022"}]},{"@type":"WebSite","@id":"https:\/\/dimensioncachee.com\/#website","url":"https:\/\/dimensioncachee.com\/","name":"Dimension","description":"Un site utilisant WordPress","potentialAction":[{"@type":"SearchAction","target":{"@type":"EntryPoint","urlTemplate":"https:\/\/dimensioncachee.com\/?s={search_term_string}"},"query-input":"required name=search_term_string"}],"inLanguage":"fr-FR"}]}},"jetpack_sharing_enabled":true,"_links":{"self":[{"href":"https:\/\/dimensioncachee.com\/fr\/wp-json\/wp\/v2\/pages\/581","targetHints":{"allow":["GET"]}}],"collection":[{"href":"https:\/\/dimensioncachee.com\/fr\/wp-json\/wp\/v2\/pages"}],"about":[{"href":"https:\/\/dimensioncachee.com\/fr\/wp-json\/wp\/v2\/types\/page"}],"author":[{"embeddable":true,"href":"https:\/\/dimensioncachee.com\/fr\/wp-json\/wp\/v2\/users\/3"}],"replies":[{"embeddable":true,"href":"https:\/\/dimensioncachee.com\/fr\/wp-json\/wp\/v2\/comments?post=581"}],"version-history":[{"count":38,"href":"https:\/\/dimensioncachee.com\/fr\/wp-json\/wp\/v2\/pages\/581\/revisions"}],"predecessor-version":[{"id":766,"href":"https:\/\/dimensioncachee.com\/fr\/wp-json\/wp\/v2\/pages\/581\/revisions\/766"}],"up":[{"embeddable":true,"href":"https:\/\/dimensioncachee.com\/fr\/wp-json\/wp\/v2\/pages\/166"}],"wp:featuredmedia":[{"embeddable":true,"href":"https:\/\/dimensioncachee.com\/fr\/wp-json\/wp\/v2\/media\/699"}],"wp:attachment":[{"href":"https:\/\/dimensioncachee.com\/fr\/wp-json\/wp\/v2\/media?parent=581"}],"curies":[{"name":"wp","href":"https:\/\/api.w.org\/{rel}","templated":true}]}}