{"id":1136,"date":"2024-04-15T17:46:55","date_gmt":"2024-04-15T15:46:55","guid":{"rendered":"https:\/\/dimensioncachee.com\/?post_type=product&#038;p=1136"},"modified":"2024-04-24T21:03:08","modified_gmt":"2024-04-24T19:03:08","slug":"carre-en-soie","status":"publish","type":"product","link":"https:\/\/dimensioncachee.com\/en\/product\/carre-en-soie\/","title":{"rendered":"Carr\u00e9 en Soie Totem"},"content":{"rendered":"","protected":false},"excerpt":{"rendered":"<p>Carr\u00e9 en Soie DIMENSION CACH\u00c9E Totem<\/p>\n<p>&nbsp;<\/p>","protected":false},"featured_media":1144,"template":"","meta":{"_acf_changed":false},"product_cat":[20,40],"product_tag":[],"class_list":{"0":"post-1136","1":"product","2":"type-product","3":"status-publish","4":"has-post-thumbnail","6":"product_cat-accessoires-pour-homme-et-pour-femme","7":"product_cat-carre-en-soie","9":"first","10":"instock","11":"taxable","12":"shipping-taxable","13":"purchasable","14":"product-type-variable"},"acf":[],"yoast_head":"<!-- This site is optimized with the Yoast SEO plugin v22.7 - https:\/\/yoast.com\/wordpress\/plugins\/seo\/ -->\n<title>Carr\u00e9 en Soie Totem - Dimension<\/title>\n<meta name=\"description\" content=\"D\u00e9couvrez et achetez d\u00e8s a pr\u00e9sent le HEADBAND en stretch et soie d\u00e9vor\u00e9e DIMENSION CACHEE. Diff\u00e9rentes couleurs disponibles en \u00e9dition limit\u00e9es.\" \/>\n<meta name=\"robots\" content=\"index, follow, max-snippet:-1, max-image-preview:large, max-video-preview:-1\" \/>\n<link rel=\"canonical\" href=\"https:\/\/dimensioncachee.com\/en\/product\/carre-en-soie\/\" \/>\n<meta property=\"og:locale\" content=\"en_US\" \/>\n<meta property=\"og:type\" content=\"article\" \/>\n<meta property=\"og:title\" content=\"Carr\u00e9 en Soie Totem - Dimension\" \/>\n<meta property=\"og:description\" content=\"D\u00e9couvrez et achetez d\u00e8s a pr\u00e9sent le HEADBAND en stretch et soie d\u00e9vor\u00e9e DIMENSION CACHEE. Diff\u00e9rentes couleurs disponibles en \u00e9dition limit\u00e9es.\" \/>\n<meta property=\"og:url\" content=\"https:\/\/dimensioncachee.com\/en\/product\/carre-en-soie\/\" \/>\n<meta property=\"og:site_name\" content=\"Dimension\" \/>\n<meta property=\"article:modified_time\" content=\"2024-04-24T19:03:08+00:00\" \/>\n<meta property=\"og:image\" content=\"https:\/\/dimensioncachee.com\/wp-content\/uploads\/2024\/04\/DSC02004.jpg\" \/>\n\t<meta property=\"og:image:width\" content=\"683\" \/>\n\t<meta property=\"og:image:height\" content=\"1024\" \/>\n\t<meta property=\"og:image:type\" content=\"image\/jpeg\" \/>\n<meta name=\"twitter:card\" content=\"summary_large_image\" \/>\n<meta name=\"twitter:label1\" content=\"Est. reading time\" \/>\n\t<meta name=\"twitter:data1\" content=\"1 minute\" \/>\n<script type=\"application\/ld+json\" class=\"yoast-schema-graph\">{\"@context\":\"https:\/\/schema.org\",\"@graph\":[{\"@type\":\"WebPage\",\"@id\":\"https:\/\/dimensioncachee.com\/produit\/carre-en-soie\/\",\"url\":\"https:\/\/dimensioncachee.com\/produit\/carre-en-soie\/\",\"name\":\"Carr\u00e9 en Soie Totem - Dimension\",\"isPartOf\":{\"@id\":\"https:\/\/dimensioncachee.com\/#website\"},\"primaryImageOfPage\":{\"@id\":\"https:\/\/dimensioncachee.com\/produit\/carre-en-soie\/#primaryimage\"},\"image\":{\"@id\":\"https:\/\/dimensioncachee.com\/produit\/carre-en-soie\/#primaryimage\"},\"thumbnailUrl\":\"https:\/\/dimensioncachee.com\/wp-content\/uploads\/2024\/04\/DSC02004.jpg\",\"datePublished\":\"2024-04-15T15:46:55+00:00\",\"dateModified\":\"2024-04-24T19:03:08+00:00\",\"description\":\"D\u00e9couvrez et achetez d\u00e8s a pr\u00e9sent le HEADBAND en stretch et soie d\u00e9vor\u00e9e DIMENSION CACHEE. Diff\u00e9rentes couleurs disponibles en \u00e9dition limit\u00e9es.\",\"breadcrumb\":{\"@id\":\"https:\/\/dimensioncachee.com\/produit\/carre-en-soie\/#breadcrumb\"},\"inLanguage\":\"en-US\",\"potentialAction\":[{\"@type\":\"ReadAction\",\"target\":[\"https:\/\/dimensioncachee.com\/produit\/carre-en-soie\/\"]}]},{\"@type\":\"ImageObject\",\"inLanguage\":\"en-US\",\"@id\":\"https:\/\/dimensioncachee.com\/produit\/carre-en-soie\/#primaryimage\",\"url\":\"https:\/\/dimensioncachee.com\/wp-content\/uploads\/2024\/04\/DSC02004.jpg\",\"contentUrl\":\"https:\/\/dimensioncachee.com\/wp-content\/uploads\/2024\/04\/DSC02004.jpg\",\"width\":683,\"height\":1024},{\"@type\":\"BreadcrumbList\",\"@id\":\"https:\/\/dimensioncachee.com\/produit\/carre-en-soie\/#breadcrumb\",\"itemListElement\":[{\"@type\":\"ListItem\",\"position\":1,\"name\":\"Accueil\",\"item\":\"https:\/\/dimensioncachee.com\/\"},{\"@type\":\"ListItem\",\"position\":2,\"name\":\"Les produits\",\"item\":\"https:\/\/dimensioncachee.com\/les-produits\/\"},{\"@type\":\"ListItem\",\"position\":3,\"name\":\"Carr\u00e9 en Soie Totem\"}]},{\"@type\":\"WebSite\",\"@id\":\"https:\/\/dimensioncachee.com\/#website\",\"url\":\"https:\/\/dimensioncachee.com\/\",\"name\":\"Dimension\",\"description\":\"Un site utilisant WordPress\",\"potentialAction\":[{\"@type\":\"SearchAction\",\"target\":{\"@type\":\"EntryPoint\",\"urlTemplate\":\"https:\/\/dimensioncachee.com\/?s={search_term_string}\"},\"query-input\":\"required name=search_term_string\"}],\"inLanguage\":\"en-US\"}]}<\/script>\n<!-- \/ Yoast SEO plugin. -->","yoast_head_json":{"title":"Carr\u00e9 en Soie Totem - Dimension","description":"D\u00e9couvrez et achetez d\u00e8s a pr\u00e9sent le HEADBAND en stretch et soie d\u00e9vor\u00e9e DIMENSION CACHEE. Diff\u00e9rentes couleurs disponibles en \u00e9dition limit\u00e9es.","robots":{"index":"index","follow":"follow","max-snippet":"max-snippet:-1","max-image-preview":"max-image-preview:large","max-video-preview":"max-video-preview:-1"},"canonical":"https:\/\/dimensioncachee.com\/en\/product\/carre-en-soie\/","og_locale":"en_US","og_type":"article","og_title":"Carr\u00e9 en Soie Totem - Dimension","og_description":"D\u00e9couvrez et achetez d\u00e8s a pr\u00e9sent le HEADBAND en stretch et soie d\u00e9vor\u00e9e DIMENSION CACHEE. Diff\u00e9rentes couleurs disponibles en \u00e9dition limit\u00e9es.","og_url":"https:\/\/dimensioncachee.com\/en\/product\/carre-en-soie\/","og_site_name":"Dimension","article_modified_time":"2024-04-24T19:03:08+00:00","og_image":[{"width":683,"height":1024,"url":"https:\/\/dimensioncachee.com\/wp-content\/uploads\/2024\/04\/DSC02004.jpg","type":"image\/jpeg"}],"twitter_card":"summary_large_image","twitter_misc":{"Est. reading time":"1 minute"},"schema":{"@context":"https:\/\/schema.org","@graph":[{"@type":"WebPage","@id":"https:\/\/dimensioncachee.com\/produit\/carre-en-soie\/","url":"https:\/\/dimensioncachee.com\/produit\/carre-en-soie\/","name":"Carr\u00e9 en Soie Totem - Dimension","isPartOf":{"@id":"https:\/\/dimensioncachee.com\/#website"},"primaryImageOfPage":{"@id":"https:\/\/dimensioncachee.com\/produit\/carre-en-soie\/#primaryimage"},"image":{"@id":"https:\/\/dimensioncachee.com\/produit\/carre-en-soie\/#primaryimage"},"thumbnailUrl":"https:\/\/dimensioncachee.com\/wp-content\/uploads\/2024\/04\/DSC02004.jpg","datePublished":"2024-04-15T15:46:55+00:00","dateModified":"2024-04-24T19:03:08+00:00","description":"D\u00e9couvrez et achetez d\u00e8s a pr\u00e9sent le HEADBAND en stretch et soie d\u00e9vor\u00e9e DIMENSION CACHEE. Diff\u00e9rentes couleurs disponibles en \u00e9dition limit\u00e9es.","breadcrumb":{"@id":"https:\/\/dimensioncachee.com\/produit\/carre-en-soie\/#breadcrumb"},"inLanguage":"en-US","potentialAction":[{"@type":"ReadAction","target":["https:\/\/dimensioncachee.com\/produit\/carre-en-soie\/"]}]},{"@type":"ImageObject","inLanguage":"en-US","@id":"https:\/\/dimensioncachee.com\/produit\/carre-en-soie\/#primaryimage","url":"https:\/\/dimensioncachee.com\/wp-content\/uploads\/2024\/04\/DSC02004.jpg","contentUrl":"https:\/\/dimensioncachee.com\/wp-content\/uploads\/2024\/04\/DSC02004.jpg","width":683,"height":1024},{"@type":"BreadcrumbList","@id":"https:\/\/dimensioncachee.com\/produit\/carre-en-soie\/#breadcrumb","itemListElement":[{"@type":"ListItem","position":1,"name":"Accueil","item":"https:\/\/dimensioncachee.com\/"},{"@type":"ListItem","position":2,"name":"Les produits","item":"https:\/\/dimensioncachee.com\/les-produits\/"},{"@type":"ListItem","position":3,"name":"Carr\u00e9 en Soie Totem"}]},{"@type":"WebSite","@id":"https:\/\/dimensioncachee.com\/#website","url":"https:\/\/dimensioncachee.com\/","name":"Dimension","description":"Un site utilisant WordPress","potentialAction":[{"@type":"SearchAction","target":{"@type":"EntryPoint","urlTemplate":"https:\/\/dimensioncachee.com\/?s={search_term_string}"},"query-input":"required name=search_term_string"}],"inLanguage":"en-US"}]}},"jetpack_sharing_enabled":true,"_links":{"self":[{"href":"https:\/\/dimensioncachee.com\/en\/wp-json\/wp\/v2\/product\/1136","targetHints":{"allow":["GET"]}}],"collection":[{"href":"https:\/\/dimensioncachee.com\/en\/wp-json\/wp\/v2\/product"}],"about":[{"href":"https:\/\/dimensioncachee.com\/en\/wp-json\/wp\/v2\/types\/product"}],"wp:featuredmedia":[{"embeddable":true,"href":"https:\/\/dimensioncachee.com\/en\/wp-json\/wp\/v2\/media\/1144"}],"wp:attachment":[{"href":"https:\/\/dimensioncachee.com\/en\/wp-json\/wp\/v2\/media?parent=1136"}],"wp:term":[{"taxonomy":"product_cat","embeddable":true,"href":"https:\/\/dimensioncachee.com\/en\/wp-json\/wp\/v2\/product_cat?post=1136"},{"taxonomy":"product_tag","embeddable":true,"href":"https:\/\/dimensioncachee.com\/en\/wp-json\/wp\/v2\/product_tag?post=1136"}],"curies":[{"name":"wp","href":"https:\/\/api.w.org\/{rel}","templated":true}]}}