{"id":87,"date":"2022-08-18T09:45:22","date_gmt":"2022-08-18T07:45:22","guid":{"rendered":"https:\/\/dimensioncachee.com\/?page_id=87"},"modified":"2022-10-13T14:04:39","modified_gmt":"2022-10-13T12:04:39","slug":"retours-echanges","status":"publish","type":"page","link":"https:\/\/dimensioncachee.com\/en\/retours-echanges\/","title":{"rendered":"Retours et \u00e9changes"},"content":{"rendered":"<p>RETOURS<\/p>\n\n\n\n<p>DIMENSION CACHEE a une politique de retour de 14 jours: vous avez 14 jours \u00e0 compter de la date de livraison de votre commande pour l\u2019exp\u00e9dier \/ la renvoyer \u00e0 notre centre de retour pour un remboursement ou un \u00e9change.<\/p>\n\n\n\n<p>Toute r\u00e9clamation concernant la livraison du (des) Produit (s) doit \u00eatre soumise dans les 14 jours ouvrables suivant la r\u00e9ception du (des) Produit (s). Ils doivent \u00eatre envoy\u00e9s dans leur \u00e9tat d\u2019origine (emballage, accessoires, etiquette etc.).<\/p>\n\n\n\n<p>Si vous avez la moindre question, vous pouvez envoyer un email \u00e0 contact@dimensioncachee.com.<\/p>\n\n\n\n<p>Le (les) produit (s) doit \u00eatre retourn\u00e9 \u00e0 :<\/p>\n\n\n\n<p>Pour DC CONCEPT DIMENSION CACHEE \u2013 BLS d\u00e9p\u00f4t shere distribution ZA les Rue des Fromentaux 44140 Le Bignon.<\/p>\n\n\n\n<p>Tout colis retourn\u00e9 apr\u00e8s le d\u00e9lai prescrit sera refus\u00e9 et renvoy\u00e9 \u00e0 l\u2019exp\u00e9diteur. Les co\u00fbts et risques relatifs au retour du (des) Produit (s) sont \u00e0 la charge de l\u2019exp\u00e9diteur.<\/p>\n\n\n\n<p>Pour que le service client accepte le retour, le (s) Produit (s) doit \u00eatre retourn\u00e9 en parfait \u00e9tat dans son emballage d\u2019origine, intact, avec son \u00e9tiquette attach\u00e9e, non port\u00e9e, accompagn\u00e9 de tous ses accessoires, et une copie de la facture d\u2019achat.<\/p>\n\n\n\n<p>Le client n\u2019a pas \u00e0 justifier les raisons de son retour ou \u00e0 payer des p\u00e9nalit\u00e9s, \u00e0 l\u2019exception des frais de retour et de tous les droits de douane potentiels.<\/p>\n\n\n\n<p>DIMENSION CACHEE ne peut \u00eatre tenu pour responsable en cas de perte, vol ou d\u00e9t\u00e9rioration du colis. Les colis pour lesquels l\u2019identification du client (nom, pr\u00e9nom, adresse et code de retour) n\u2019est pas possible seront refus\u00e9s.<\/p>\n\n\n\n<p>A la r\u00e9ception du (des) Produit (s) retourn\u00e9 (s) par le Client, le service client enverra une confirmation de r\u00e9ception du Produit par e-mail.<\/p>\n\n\n\n<p>ECHANGES<\/p>\n\n\n\n<p>Si vous \u00eates int\u00e9ress\u00e9 par une taille, une couleur ou un style diff\u00e9rent, veuillez nous renvoyer vos articles et simplement passer une nouvelle commande pour la pi\u00e8ce qui vous int\u00e9resse sur dimensioncachee.com<\/p>","protected":false},"excerpt":{"rendered":"<p>RETOURS DIMENSION CACHEE a une politique de retour de 14 jours: vous avez 14 jours \u00e0 compter de la date de livraison de votre commande pour l\u2019exp\u00e9dier \/ la renvoyer \u00e0 notre centre de retour pour un remboursement ou un \u00e9change. Toute r\u00e9clamation concernant la livraison du (des) Produit (s) doit \u00eatre soumise dans les [&hellip;]<\/p>","protected":false},"author":1,"featured_media":0,"parent":0,"menu_order":0,"comment_status":"closed","ping_status":"closed","template":"template-page-etroite.php","meta":{"_acf_changed":false,"footnotes":""},"class_list":["post-87","page","type-page","status-publish","hentry"],"acf":[],"yoast_head":"<!-- This site is optimized with the Yoast SEO plugin v22.7 - https:\/\/yoast.com\/wordpress\/plugins\/seo\/ -->\n<title>Retours et \u00e9changes - Dimension<\/title>\n<meta name=\"robots\" content=\"index, follow, max-snippet:-1, max-image-preview:large, max-video-preview:-1\" \/>\n<link rel=\"canonical\" href=\"https:\/\/dimensioncachee.com\/en\/retours-echanges\/\" \/>\n<meta property=\"og:locale\" content=\"en_US\" \/>\n<meta property=\"og:type\" content=\"article\" \/>\n<meta property=\"og:title\" content=\"Retours et \u00e9changes - Dimension\" \/>\n<meta property=\"og:description\" content=\"RETOURS DIMENSION CACHEE a une politique de retour de 14 jours: vous avez 14 jours \u00e0 compter de la date de livraison de votre commande pour l\u2019exp\u00e9dier \/ la renvoyer \u00e0 notre centre de retour pour un remboursement ou un \u00e9change. Toute r\u00e9clamation concernant la livraison du (des) Produit (s) doit \u00eatre soumise dans les [&hellip;]\" \/>\n<meta property=\"og:url\" content=\"https:\/\/dimensioncachee.com\/en\/retours-echanges\/\" \/>\n<meta property=\"og:site_name\" content=\"Dimension\" \/>\n<meta property=\"article:modified_time\" content=\"2022-10-13T12:04:39+00:00\" \/>\n<meta name=\"twitter:card\" content=\"summary_large_image\" \/>\n<meta name=\"twitter:label1\" content=\"Est. reading time\" \/>\n\t<meta name=\"twitter:data1\" content=\"2 minutes\" \/>\n<script type=\"application\/ld+json\" class=\"yoast-schema-graph\">{\"@context\":\"https:\/\/schema.org\",\"@graph\":[{\"@type\":\"WebPage\",\"@id\":\"https:\/\/dimensioncachee.com\/retours-echanges\/\",\"url\":\"https:\/\/dimensioncachee.com\/retours-echanges\/\",\"name\":\"Retours et \u00e9changes - Dimension\",\"isPartOf\":{\"@id\":\"https:\/\/dimensioncachee.com\/#website\"},\"datePublished\":\"2022-08-18T07:45:22+00:00\",\"dateModified\":\"2022-10-13T12:04:39+00:00\",\"breadcrumb\":{\"@id\":\"https:\/\/dimensioncachee.com\/retours-echanges\/#breadcrumb\"},\"inLanguage\":\"en-US\",\"potentialAction\":[{\"@type\":\"ReadAction\",\"target\":[\"https:\/\/dimensioncachee.com\/retours-echanges\/\"]}]},{\"@type\":\"BreadcrumbList\",\"@id\":\"https:\/\/dimensioncachee.com\/retours-echanges\/#breadcrumb\",\"itemListElement\":[{\"@type\":\"ListItem\",\"position\":1,\"name\":\"Accueil\",\"item\":\"https:\/\/dimensioncachee.com\/\"},{\"@type\":\"ListItem\",\"position\":2,\"name\":\"Retours et \u00e9changes\"}]},{\"@type\":\"WebSite\",\"@id\":\"https:\/\/dimensioncachee.com\/#website\",\"url\":\"https:\/\/dimensioncachee.com\/\",\"name\":\"Dimension\",\"description\":\"Un site utilisant WordPress\",\"potentialAction\":[{\"@type\":\"SearchAction\",\"target\":{\"@type\":\"EntryPoint\",\"urlTemplate\":\"https:\/\/dimensioncachee.com\/?s={search_term_string}\"},\"query-input\":\"required name=search_term_string\"}],\"inLanguage\":\"en-US\"}]}<\/script>\n<!-- \/ Yoast SEO plugin. -->","yoast_head_json":{"title":"Retours et \u00e9changes - Dimension","robots":{"index":"index","follow":"follow","max-snippet":"max-snippet:-1","max-image-preview":"max-image-preview:large","max-video-preview":"max-video-preview:-1"},"canonical":"https:\/\/dimensioncachee.com\/en\/retours-echanges\/","og_locale":"en_US","og_type":"article","og_title":"Retours et \u00e9changes - Dimension","og_description":"RETOURS DIMENSION CACHEE a une politique de retour de 14 jours: vous avez 14 jours \u00e0 compter de la date de livraison de votre commande pour l\u2019exp\u00e9dier \/ la renvoyer \u00e0 notre centre de retour pour un remboursement ou un \u00e9change. Toute r\u00e9clamation concernant la livraison du (des) Produit (s) doit \u00eatre soumise dans les [&hellip;]","og_url":"https:\/\/dimensioncachee.com\/en\/retours-echanges\/","og_site_name":"Dimension","article_modified_time":"2022-10-13T12:04:39+00:00","twitter_card":"summary_large_image","twitter_misc":{"Est. reading time":"2 minutes"},"schema":{"@context":"https:\/\/schema.org","@graph":[{"@type":"WebPage","@id":"https:\/\/dimensioncachee.com\/retours-echanges\/","url":"https:\/\/dimensioncachee.com\/retours-echanges\/","name":"Retours et \u00e9changes - Dimension","isPartOf":{"@id":"https:\/\/dimensioncachee.com\/#website"},"datePublished":"2022-08-18T07:45:22+00:00","dateModified":"2022-10-13T12:04:39+00:00","breadcrumb":{"@id":"https:\/\/dimensioncachee.com\/retours-echanges\/#breadcrumb"},"inLanguage":"en-US","potentialAction":[{"@type":"ReadAction","target":["https:\/\/dimensioncachee.com\/retours-echanges\/"]}]},{"@type":"BreadcrumbList","@id":"https:\/\/dimensioncachee.com\/retours-echanges\/#breadcrumb","itemListElement":[{"@type":"ListItem","position":1,"name":"Accueil","item":"https:\/\/dimensioncachee.com\/"},{"@type":"ListItem","position":2,"name":"Retours et \u00e9changes"}]},{"@type":"WebSite","@id":"https:\/\/dimensioncachee.com\/#website","url":"https:\/\/dimensioncachee.com\/","name":"Dimension","description":"Un site utilisant WordPress","potentialAction":[{"@type":"SearchAction","target":{"@type":"EntryPoint","urlTemplate":"https:\/\/dimensioncachee.com\/?s={search_term_string}"},"query-input":"required name=search_term_string"}],"inLanguage":"en-US"}]}},"jetpack_sharing_enabled":true,"_links":{"self":[{"href":"https:\/\/dimensioncachee.com\/en\/wp-json\/wp\/v2\/pages\/87","targetHints":{"allow":["GET"]}}],"collection":[{"href":"https:\/\/dimensioncachee.com\/en\/wp-json\/wp\/v2\/pages"}],"about":[{"href":"https:\/\/dimensioncachee.com\/en\/wp-json\/wp\/v2\/types\/page"}],"author":[{"embeddable":true,"href":"https:\/\/dimensioncachee.com\/en\/wp-json\/wp\/v2\/users\/1"}],"replies":[{"embeddable":true,"href":"https:\/\/dimensioncachee.com\/en\/wp-json\/wp\/v2\/comments?post=87"}],"version-history":[{"count":3,"href":"https:\/\/dimensioncachee.com\/en\/wp-json\/wp\/v2\/pages\/87\/revisions"}],"predecessor-version":[{"id":563,"href":"https:\/\/dimensioncachee.com\/en\/wp-json\/wp\/v2\/pages\/87\/revisions\/563"}],"wp:attachment":[{"href":"https:\/\/dimensioncachee.com\/en\/wp-json\/wp\/v2\/media?parent=87"}],"curies":[{"name":"wp","href":"https:\/\/api.w.org\/{rel}","templated":true}]}}