{"id":58,"date":"2022-08-18T09:07:22","date_gmt":"2022-08-18T07:07:22","guid":{"rendered":"https:\/\/dimensioncachee.com\/?page_id=58"},"modified":"2022-10-18T14:35:38","modified_gmt":"2022-10-18T12:35:38","slug":"concept","status":"publish","type":"page","link":"https:\/\/dimensioncachee.com\/en\/concept\/","title":{"rendered":"Concept"},"content":{"rendered":"<p>Une marque au style minimaliste qui incarne notre propre dualit\u00e9, une enti\u00e8ret\u00e9 complexe, mouvante.<br>Le monde de la mode est parfois \u00e9triqu\u00e9. Sous couvert d\u2019ouverture, on joue les codes de \u00ab l\u2019hyper vue \u00bb : regarde moi, \u00e9coutez moi.<\/p>\n\n\n\n<p>La mode n'a pas besoin d'\u00eatre ostentatoire, de parler fort.<br>La mode n'a pas vocation \u00e0 \u00eatre nombriliste.<br>La mode a vocation a laisser l'humaine \u00catre.<br>S'exprimer comme bon lui semble. Sans l'enfermer dans un moule.<\/p>\n\n\n\n<p><strong>Tr\u00e8s codifi\u00e9. Trop codifi\u00e9.<\/strong><\/p>\n\n\n\n<p>La marque fran\u00e7aise Dimension Cach\u00e9e joue sur la dualit\u00e9 des genres, \u00e0 travers ses collections doubles facettes, ou les lignes architecturales aux tonalit\u00e9s min\u00e9rales rencontrent le confort rassurant du \u00ableisurewear\u00bb, coutures fant\u00f4mes peau contre peau.<\/p>\n\n\n\n<p>Une face cach\u00e9e. Une face discr\u00e8te.Tant\u00f4t secr\u00e8te pour un vestiaire r\u00e9solument intemporel.<\/p>\n\n\n\n<p>Confectionn\u00e9es dans l\u2019esprit couture, inspir\u00e9es des \u00e9l\u00e9ments, des min\u00e9raux, de la magie envoutante de la nature, souvent ton sur ton, et bi mati\u00e8re, les pi\u00e8ces prennent vie dans des tissus s\u00e9lectionn\u00e9s pour leur haute qualit\u00e9.<\/p>\n\n\n\n<p>Un travail de coutures finement d\u00e9taill\u00e9es qui fusionnent aux mouvements des corps pour incarner une fa\u00e7on de vivre r\u00e9solument moderne.<\/p>\n\n\n\n<p>Un v\u00eatement l\u00e9ger \u00e0 porter, look\u00e9 et savamment d\u00e9contract\u00e9.<\/p>","protected":false},"excerpt":{"rendered":"<p>Une marque au style minimaliste qui incarne notre propre dualit\u00e9, une enti\u00e8ret\u00e9 complexe, mouvante.Le monde de la mode est parfois \u00e9triqu\u00e9. Sous couvert d\u2019ouverture, on joue les codes de \u00ab l\u2019hyper vue \u00bb : regarde moi, \u00e9coutez moi. La mode n&#8217;a pas besoin d&#8217;\u00eatre ostentatoire, de parler fort.La mode n&#8217;a pas vocation \u00e0 \u00eatre nombriliste.La [&hellip;]<\/p>","protected":false},"author":1,"featured_media":0,"parent":0,"menu_order":0,"comment_status":"closed","ping_status":"closed","template":"template-collection-concept.php","meta":{"_acf_changed":false,"footnotes":""},"class_list":["post-58","page","type-page","status-publish","hentry"],"acf":[],"yoast_head":"<!-- This site is optimized with the Yoast SEO plugin v22.7 - https:\/\/yoast.com\/wordpress\/plugins\/seo\/ -->\n<title>Concept - Dimension<\/title>\n<meta name=\"robots\" content=\"index, follow, max-snippet:-1, max-image-preview:large, max-video-preview:-1\" \/>\n<link rel=\"canonical\" href=\"https:\/\/dimensioncachee.com\/en\/concept\/\" \/>\n<meta property=\"og:locale\" content=\"en_US\" \/>\n<meta property=\"og:type\" content=\"article\" \/>\n<meta property=\"og:title\" content=\"Concept - Dimension\" \/>\n<meta property=\"og:description\" content=\"Une marque au style minimaliste qui incarne notre propre dualit\u00e9, une enti\u00e8ret\u00e9 complexe, mouvante.Le monde de la mode est parfois \u00e9triqu\u00e9. Sous couvert d\u2019ouverture, on joue les codes de \u00ab l\u2019hyper vue \u00bb : regarde moi, \u00e9coutez moi. La mode n&#039;a pas besoin d&#039;\u00eatre ostentatoire, de parler fort.La mode n&#039;a pas vocation \u00e0 \u00eatre nombriliste.La [&hellip;]\" \/>\n<meta property=\"og:url\" content=\"https:\/\/dimensioncachee.com\/en\/concept\/\" \/>\n<meta property=\"og:site_name\" content=\"Dimension\" \/>\n<meta property=\"article:modified_time\" content=\"2022-10-18T12:35:38+00:00\" \/>\n<meta name=\"twitter:card\" content=\"summary_large_image\" \/>\n<meta name=\"twitter:label1\" content=\"Est. reading time\" \/>\n\t<meta name=\"twitter:data1\" content=\"1 minute\" \/>\n<script type=\"application\/ld+json\" class=\"yoast-schema-graph\">{\"@context\":\"https:\/\/schema.org\",\"@graph\":[{\"@type\":\"WebPage\",\"@id\":\"https:\/\/dimensioncachee.com\/concept\/\",\"url\":\"https:\/\/dimensioncachee.com\/concept\/\",\"name\":\"Concept - Dimension\",\"isPartOf\":{\"@id\":\"https:\/\/dimensioncachee.com\/#website\"},\"datePublished\":\"2022-08-18T07:07:22+00:00\",\"dateModified\":\"2022-10-18T12:35:38+00:00\",\"breadcrumb\":{\"@id\":\"https:\/\/dimensioncachee.com\/concept\/#breadcrumb\"},\"inLanguage\":\"en-US\",\"potentialAction\":[{\"@type\":\"ReadAction\",\"target\":[\"https:\/\/dimensioncachee.com\/concept\/\"]}]},{\"@type\":\"BreadcrumbList\",\"@id\":\"https:\/\/dimensioncachee.com\/concept\/#breadcrumb\",\"itemListElement\":[{\"@type\":\"ListItem\",\"position\":1,\"name\":\"Accueil\",\"item\":\"https:\/\/dimensioncachee.com\/\"},{\"@type\":\"ListItem\",\"position\":2,\"name\":\"Concept\"}]},{\"@type\":\"WebSite\",\"@id\":\"https:\/\/dimensioncachee.com\/#website\",\"url\":\"https:\/\/dimensioncachee.com\/\",\"name\":\"Dimension\",\"description\":\"Un site utilisant WordPress\",\"potentialAction\":[{\"@type\":\"SearchAction\",\"target\":{\"@type\":\"EntryPoint\",\"urlTemplate\":\"https:\/\/dimensioncachee.com\/?s={search_term_string}\"},\"query-input\":\"required name=search_term_string\"}],\"inLanguage\":\"en-US\"}]}<\/script>\n<!-- \/ Yoast SEO plugin. -->","yoast_head_json":{"title":"Concept - Dimension","robots":{"index":"index","follow":"follow","max-snippet":"max-snippet:-1","max-image-preview":"max-image-preview:large","max-video-preview":"max-video-preview:-1"},"canonical":"https:\/\/dimensioncachee.com\/en\/concept\/","og_locale":"en_US","og_type":"article","og_title":"Concept - Dimension","og_description":"Une marque au style minimaliste qui incarne notre propre dualit\u00e9, une enti\u00e8ret\u00e9 complexe, mouvante.Le monde de la mode est parfois \u00e9triqu\u00e9. Sous couvert d\u2019ouverture, on joue les codes de \u00ab l\u2019hyper vue \u00bb : regarde moi, \u00e9coutez moi. La mode n'a pas besoin d'\u00eatre ostentatoire, de parler fort.La mode n'a pas vocation \u00e0 \u00eatre nombriliste.La [&hellip;]","og_url":"https:\/\/dimensioncachee.com\/en\/concept\/","og_site_name":"Dimension","article_modified_time":"2022-10-18T12:35:38+00:00","twitter_card":"summary_large_image","twitter_misc":{"Est. reading time":"1 minute"},"schema":{"@context":"https:\/\/schema.org","@graph":[{"@type":"WebPage","@id":"https:\/\/dimensioncachee.com\/concept\/","url":"https:\/\/dimensioncachee.com\/concept\/","name":"Concept - Dimension","isPartOf":{"@id":"https:\/\/dimensioncachee.com\/#website"},"datePublished":"2022-08-18T07:07:22+00:00","dateModified":"2022-10-18T12:35:38+00:00","breadcrumb":{"@id":"https:\/\/dimensioncachee.com\/concept\/#breadcrumb"},"inLanguage":"en-US","potentialAction":[{"@type":"ReadAction","target":["https:\/\/dimensioncachee.com\/concept\/"]}]},{"@type":"BreadcrumbList","@id":"https:\/\/dimensioncachee.com\/concept\/#breadcrumb","itemListElement":[{"@type":"ListItem","position":1,"name":"Accueil","item":"https:\/\/dimensioncachee.com\/"},{"@type":"ListItem","position":2,"name":"Concept"}]},{"@type":"WebSite","@id":"https:\/\/dimensioncachee.com\/#website","url":"https:\/\/dimensioncachee.com\/","name":"Dimension","description":"Un site utilisant WordPress","potentialAction":[{"@type":"SearchAction","target":{"@type":"EntryPoint","urlTemplate":"https:\/\/dimensioncachee.com\/?s={search_term_string}"},"query-input":"required name=search_term_string"}],"inLanguage":"en-US"}]}},"jetpack_sharing_enabled":true,"_links":{"self":[{"href":"https:\/\/dimensioncachee.com\/en\/wp-json\/wp\/v2\/pages\/58","targetHints":{"allow":["GET"]}}],"collection":[{"href":"https:\/\/dimensioncachee.com\/en\/wp-json\/wp\/v2\/pages"}],"about":[{"href":"https:\/\/dimensioncachee.com\/en\/wp-json\/wp\/v2\/types\/page"}],"author":[{"embeddable":true,"href":"https:\/\/dimensioncachee.com\/en\/wp-json\/wp\/v2\/users\/1"}],"replies":[{"embeddable":true,"href":"https:\/\/dimensioncachee.com\/en\/wp-json\/wp\/v2\/comments?post=58"}],"version-history":[{"count":12,"href":"https:\/\/dimensioncachee.com\/en\/wp-json\/wp\/v2\/pages\/58\/revisions"}],"predecessor-version":[{"id":642,"href":"https:\/\/dimensioncachee.com\/en\/wp-json\/wp\/v2\/pages\/58\/revisions\/642"}],"wp:attachment":[{"href":"https:\/\/dimensioncachee.com\/en\/wp-json\/wp\/v2\/media?parent=58"}],"curies":[{"name":"wp","href":"https:\/\/api.w.org\/{rel}","templated":true}]}}